{"id":2497,"date":"2023-08-28T16:47:03","date_gmt":"2023-08-28T14:47:03","guid":{"rendered":"https:\/\/www.lehrmittelverlag.ch\/cms\/?page_id=2497"},"modified":"2023-08-28T16:47:04","modified_gmt":"2023-08-28T14:47:04","slug":"interview-lager","status":"publish","type":"page","link":"https:\/\/www.lehrmittelverlag.ch\/cms\/newsletter\/interview-lager\/","title":{"rendered":"Interview Reto Kriech und Massimo Zanni"},"content":{"rendered":"","protected":false},"excerpt":{"rendered":"","protected":false},"author":3,"featured_media":0,"parent":243,"menu_order":6,"comment_status":"closed","ping_status":"closed","template":"","meta":{"_acf_changed":false,"inline_featured_image":false,"footnotes":""},"class_list":["post-2497","page","type-page","status-publish","hentry"],"acf":{"inhaltselemente":[{"acf_fc_layout":"text_element","text_element_titel":"Behind the Scenes: Jede Menge auf Lager","text_element_titel_typ":"2","text_element_titel_size":"","text_element_titel_fake":false,"text_element_titel_icon":"","text_element_content":"<em><img class=\"wp-image-2503 size-large alignnone\" src=\"https:\/\/www.lehrmittelverlag.ch\/cms\/wp-content\/uploads\/2023\/08\/Lager_1-1024x683.jpg\" alt=\"\" width=\"1024\" height=\"683\" \/><\/em>\r\n\r\n<em>Sie sorgen daf\u00fcr, dass rund 6'300 Paketsendungen pro Jahr ihren Weg zu den Kundinnen und Kunden des Lehrmittelverlags St.Gallen (LMV SG) finden: die Logistiker Reto Kriech und Massimo Zanni. <\/em>\r\n\r\n<strong>Vom April bis Juli werden alle St.Galler Schulh\u00e4user mit Lehrmittelbestellungen f\u00fcrs n\u00e4chste Schuljahr beliefert. Eine ziemlich stressige Zeit im Lager. Wie schafft ihr das?\r\n<\/strong><em>Massimo Zanni:<\/em> Nur zu viert. Zwei Aushilfen unterst\u00fctzen uns w\u00e4hrend dieser heissen Phase. Wir starten jeweils Wochen im Voraus und packen reihenweise Paletten, bevor der erste LKW das Lager \u00fcberhaupt anf\u00e4hrt.\r\n<em>Reto Kriech: <\/em>W\u00e4hrend der Zeit fokussieren wir uns auf das Hauptschulgesch\u00e4ft. Viele Abl\u00e4ufe konnten wir in den vergangenen Jahren effizienter gestalten. Die Lagerlogistik ist professioneller geworden\r\n\r\n[caption id=\"attachment_2502\" align=\"alignnone\" width=\"1024\"]<img class=\"wp-image-2502 size-large\" src=\"https:\/\/www.lehrmittelverlag.ch\/cms\/wp-content\/uploads\/2023\/08\/Lager_3-1024x683.jpg\" alt=\"Bild aus dem Verlagslager\" width=\"1024\" height=\"683\" \/> Reto Kriech bringt ein Paket zum Warenlift. Pro Jahr verlassen ca. 500 Tonnen Produkte das Lager und werden an Kundinnen und Kunden verschickt.[\/caption]\r\n\r\n<strong>Wie sieht euer Arbeitsalltag aus?\r\n<\/strong><em>Reto Kriech:<\/em> Morgens starten wir als Erstes den Computer, \u00f6ffnen die Mails und die Post und beginnen, die Auftr\u00e4ge durchzuarbeiten. Wir kennen das Lager in- und auswendig und wissen, wo jeder der 1'200 Artikel im Lager zu finden ist. Pro Tag packen wir \u00fcber zwei Dutzend Pakete.\r\n<em>Massimo Zanni:<\/em> Dazu ben\u00f6tigen wir immer das passende Verpackungsmaterial. Wo m\u00f6glich, recyceln wir bereits gebrauchtes Verpackungs- und F\u00fcllmaterial. Teil der Arbeitsroutine ist aber auch, Verpackungen nachzubestellen und aufzuf\u00fcllen.\r\n<em>Reto Kriech: <\/em>Und bei Bedarf bestellen wir Produkte von anderen Verlagen nach.","text_element_bgcolor":false,"text_element_text_size":"default"},{"acf_fc_layout":"text_element","text_element_titel":"Zahlen und Fakten","text_element_titel_typ":"3","text_element_titel_size":"","text_element_titel_fake":false,"text_element_titel_icon":"","text_element_content":"Lagerfl\u00e4che: 1'400 m<sup>2\r\n<\/sup>Lagerpl\u00e4tze: 800\r\nAnzahl verf\u00fcgbare Artikel im Lager: ca. 1'200\r\nPaketsendungen pro Tag: ca. 25\r\nPaketsendungen pro Jahr: ca. 6'300\r\nWarenumschlag pro Jahr: ca. 500 Tonnen\r\nSchulauslieferung April bis Juli: ca. 180 Tonnen\r\nSchulauslieferung LKW-Fahrten: 75","text_element_bgcolor":true,"text_element_text_size":"default"},{"acf_fc_layout":"text_element","text_element_titel":"","text_element_titel_typ":"2","text_element_titel_size":"","text_element_titel_fake":false,"text_element_titel_icon":"","text_element_content":"[caption id=\"attachment_2504\" align=\"alignnone\" width=\"1024\"]<img class=\"wp-image-2504 size-large\" src=\"https:\/\/www.lehrmittelverlag.ch\/cms\/wp-content\/uploads\/2023\/08\/Lager_2-1024x683.jpg\" alt=\"\" width=\"1024\" height=\"683\" \/> Massimo Zanni im Kontakt mit dem Verkaufsteam.[\/caption]\r\n\r\n<strong>Wie lange seid ihr schon f\u00fcr den LMV SG im Lager t\u00e4tig?\r\n<\/strong><em>Reto Kriech: <\/em>16 Jahre.\r\n<em>Massimo Zanni:<\/em> 25 Jahre.\r\n\r\n<strong>Und was macht ihr zum Ausgleich in der Freizeit?\r\n<\/strong><em>Reto Kriech: <\/em>Campen! Und Biken.\r\n<em>Massimo Zanni:<\/em> Ich gehe auf den See, wenn ich eine Auszeit brauche. Mich findet man im Sommer eigentlich immer auf dem Stand-up-Paddle oder beim Fitnesstraining.\r\n\r\n<a class=\"btn-arrow\" href=\"https:\/\/www.lehrmittelverlag.ch\/cms\/services\/support\/\" target=\"_blank\" rel=\"noopener\">Kontaktieren Sie uns<\/a>","text_element_bgcolor":false,"text_element_text_size":"default"}]},"yoast_head":"<!-- This site is optimized with the Yoast SEO plugin v27.4 - https:\/\/yoast.com\/product\/yoast-seo-wordpress\/ -->\n<title>Interview Reto Kriech und Massimo Zanni - Lehrmittelverlag St. Gallen<\/title>\n<meta name=\"description\" content=\"Rund 6&#039;300 Paketsendungen pro Jahr finden ihren Weg zu den Kundinnen und Kunden des Lehrmittelverlags St.Gallen (LMV SG).\" \/>\n<meta name=\"robots\" content=\"index, follow, max-snippet:-1, max-image-preview:large, max-video-preview:-1\" \/>\n<link rel=\"canonical\" href=\"https:\/\/lehrmittelverlag.ch\/cms\/newsletter\/interview-lager\/\" \/>\n<meta property=\"og:locale\" content=\"de_DE\" \/>\n<meta property=\"og:type\" content=\"article\" \/>\n<meta property=\"og:title\" content=\"Interview Reto Kriech und Massimo Zanni - Lehrmittelverlag St. Gallen\" \/>\n<meta property=\"og:description\" content=\"Rund 6&#039;300 Paketsendungen pro Jahr finden ihren Weg zu den Kundinnen und Kunden des Lehrmittelverlags St.Gallen (LMV SG).\" \/>\n<meta property=\"og:url\" content=\"https:\/\/lehrmittelverlag.ch\/cms\/newsletter\/interview-lager\/\" \/>\n<meta property=\"og:site_name\" content=\"Lehrmittelverlag St. Gallen\" \/>\n<meta property=\"article:publisher\" content=\"https:\/\/www.facebook.com\/LehrmittelverlagSG\/\" \/>\n<meta property=\"article:modified_time\" content=\"2023-08-28T14:47:04+00:00\" \/>\n<meta property=\"og:image\" content=\"https:\/\/www.lehrmittelverlag.ch\/cms\/wp-content\/uploads\/2022\/11\/og-image-lmvsg.png\" \/>\n\t<meta property=\"og:image:width\" content=\"1200\" \/>\n\t<meta property=\"og:image:height\" content=\"630\" \/>\n\t<meta property=\"og:image:type\" content=\"image\/png\" \/>\n<meta name=\"twitter:card\" content=\"summary_large_image\" \/>\n<meta name=\"twitter:site\" content=\"@Lehrmittel_SG\" \/>\n<script type=\"application\/ld+json\" class=\"yoast-schema-graph\">{\"@context\":\"https:\\\/\\\/schema.org\",\"@graph\":[{\"@type\":\"WebPage\",\"@id\":\"https:\\\/\\\/lehrmittelverlag.ch\\\/cms\\\/newsletter\\\/interview-lager\\\/\",\"url\":\"https:\\\/\\\/lehrmittelverlag.ch\\\/cms\\\/newsletter\\\/interview-lager\\\/\",\"name\":\"Interview Reto Kriech und Massimo Zanni - Lehrmittelverlag St. Gallen\",\"isPartOf\":{\"@id\":\"https:\\\/\\\/www.lehrmittelverlag.ch\\\/cms\\\/#website\"},\"datePublished\":\"2023-08-28T14:47:03+00:00\",\"dateModified\":\"2023-08-28T14:47:04+00:00\",\"description\":\"Rund 6'300 Paketsendungen pro Jahr finden ihren Weg zu den Kundinnen und Kunden des Lehrmittelverlags St.Gallen (LMV SG).\",\"breadcrumb\":{\"@id\":\"https:\\\/\\\/lehrmittelverlag.ch\\\/cms\\\/newsletter\\\/interview-lager\\\/#breadcrumb\"},\"inLanguage\":\"de-CH\",\"potentialAction\":[{\"@type\":\"ReadAction\",\"target\":[\"https:\\\/\\\/lehrmittelverlag.ch\\\/cms\\\/newsletter\\\/interview-lager\\\/\"]}]},{\"@type\":\"BreadcrumbList\",\"@id\":\"https:\\\/\\\/lehrmittelverlag.ch\\\/cms\\\/newsletter\\\/interview-lager\\\/#breadcrumb\",\"itemListElement\":[{\"@type\":\"ListItem\",\"position\":1,\"name\":\"Shop\",\"item\":\"\\\/\"},{\"@type\":\"ListItem\",\"position\":2,\"name\":\"Newsletter\",\"item\":\"https:\\\/\\\/lehrmittelverlag.ch\\\/cms\\\/newsletter\\\/\"},{\"@type\":\"ListItem\",\"position\":3,\"name\":\"Interview Reto Kriech und Massimo Zanni\"}]},{\"@type\":\"WebSite\",\"@id\":\"https:\\\/\\\/www.lehrmittelverlag.ch\\\/cms\\\/#website\",\"url\":\"https:\\\/\\\/www.lehrmittelverlag.ch\\\/cms\\\/\",\"name\":\"Lehrmittelverlag St. Gallen\",\"description\":\"\",\"publisher\":{\"@id\":\"https:\\\/\\\/www.lehrmittelverlag.ch\\\/cms\\\/#organization\"},\"potentialAction\":[{\"@type\":\"SearchAction\",\"target\":{\"@type\":\"EntryPoint\",\"urlTemplate\":\"https:\\\/\\\/www.lehrmittelverlag.ch\\\/cms\\\/?s={search_term_string}\"},\"query-input\":{\"@type\":\"PropertyValueSpecification\",\"valueRequired\":true,\"valueName\":\"search_term_string\"}}],\"inLanguage\":\"de-CH\"},{\"@type\":\"Organization\",\"@id\":\"https:\\\/\\\/www.lehrmittelverlag.ch\\\/cms\\\/#organization\",\"name\":\"Lehrmittelverlag St. Gallen\",\"url\":\"https:\\\/\\\/www.lehrmittelverlag.ch\\\/cms\\\/\",\"logo\":{\"@type\":\"ImageObject\",\"inLanguage\":\"de-CH\",\"@id\":\"https:\\\/\\\/www.lehrmittelverlag.ch\\\/cms\\\/#\\\/schema\\\/logo\\\/image\\\/\",\"url\":\"https:\\\/\\\/www.lehrmittelverlag.ch\\\/cms\\\/wp-content\\\/uploads\\\/2022\\\/11\\\/logo-lmvsg.png\",\"contentUrl\":\"https:\\\/\\\/www.lehrmittelverlag.ch\\\/cms\\\/wp-content\\\/uploads\\\/2022\\\/11\\\/logo-lmvsg.png\",\"width\":899,\"height\":349,\"caption\":\"Lehrmittelverlag St. Gallen\"},\"image\":{\"@id\":\"https:\\\/\\\/www.lehrmittelverlag.ch\\\/cms\\\/#\\\/schema\\\/logo\\\/image\\\/\"},\"sameAs\":[\"https:\\\/\\\/www.facebook.com\\\/LehrmittelverlagSG\\\/\",\"https:\\\/\\\/x.com\\\/Lehrmittel_SG\"]}]}<\/script>\n<!-- \/ Yoast SEO plugin. -->","yoast_head_json":{"title":"Interview Reto Kriech und Massimo Zanni - Lehrmittelverlag St. Gallen","description":"Rund 6'300 Paketsendungen pro Jahr finden ihren Weg zu den Kundinnen und Kunden des Lehrmittelverlags St.Gallen (LMV SG).","robots":{"index":"index","follow":"follow","max-snippet":"max-snippet:-1","max-image-preview":"max-image-preview:large","max-video-preview":"max-video-preview:-1"},"canonical":"https:\/\/lehrmittelverlag.ch\/cms\/newsletter\/interview-lager\/","og_locale":"de_DE","og_type":"article","og_title":"Interview Reto Kriech und Massimo Zanni - Lehrmittelverlag St. Gallen","og_description":"Rund 6'300 Paketsendungen pro Jahr finden ihren Weg zu den Kundinnen und Kunden des Lehrmittelverlags St.Gallen (LMV SG).","og_url":"https:\/\/lehrmittelverlag.ch\/cms\/newsletter\/interview-lager\/","og_site_name":"Lehrmittelverlag St. Gallen","article_publisher":"https:\/\/www.facebook.com\/LehrmittelverlagSG\/","article_modified_time":"2023-08-28T14:47:04+00:00","og_image":[{"width":1200,"height":630,"url":"https:\/\/www.lehrmittelverlag.ch\/cms\/wp-content\/uploads\/2022\/11\/og-image-lmvsg.png","type":"image\/png"}],"twitter_card":"summary_large_image","twitter_site":"@Lehrmittel_SG","schema":{"@context":"https:\/\/schema.org","@graph":[{"@type":"WebPage","@id":"https:\/\/lehrmittelverlag.ch\/cms\/newsletter\/interview-lager\/","url":"https:\/\/lehrmittelverlag.ch\/cms\/newsletter\/interview-lager\/","name":"Interview Reto Kriech und Massimo Zanni - Lehrmittelverlag St. Gallen","isPartOf":{"@id":"https:\/\/www.lehrmittelverlag.ch\/cms\/#website"},"datePublished":"2023-08-28T14:47:03+00:00","dateModified":"2023-08-28T14:47:04+00:00","description":"Rund 6'300 Paketsendungen pro Jahr finden ihren Weg zu den Kundinnen und Kunden des Lehrmittelverlags St.Gallen (LMV SG).","breadcrumb":{"@id":"https:\/\/lehrmittelverlag.ch\/cms\/newsletter\/interview-lager\/#breadcrumb"},"inLanguage":"de-CH","potentialAction":[{"@type":"ReadAction","target":["https:\/\/lehrmittelverlag.ch\/cms\/newsletter\/interview-lager\/"]}]},{"@type":"BreadcrumbList","@id":"https:\/\/lehrmittelverlag.ch\/cms\/newsletter\/interview-lager\/#breadcrumb","itemListElement":[{"@type":"ListItem","position":1,"name":"Shop","item":"\/"},{"@type":"ListItem","position":2,"name":"Newsletter","item":"https:\/\/lehrmittelverlag.ch\/cms\/newsletter\/"},{"@type":"ListItem","position":3,"name":"Interview Reto Kriech und Massimo Zanni"}]},{"@type":"WebSite","@id":"https:\/\/www.lehrmittelverlag.ch\/cms\/#website","url":"https:\/\/www.lehrmittelverlag.ch\/cms\/","name":"Lehrmittelverlag St. Gallen","description":"","publisher":{"@id":"https:\/\/www.lehrmittelverlag.ch\/cms\/#organization"},"potentialAction":[{"@type":"SearchAction","target":{"@type":"EntryPoint","urlTemplate":"https:\/\/www.lehrmittelverlag.ch\/cms\/?s={search_term_string}"},"query-input":{"@type":"PropertyValueSpecification","valueRequired":true,"valueName":"search_term_string"}}],"inLanguage":"de-CH"},{"@type":"Organization","@id":"https:\/\/www.lehrmittelverlag.ch\/cms\/#organization","name":"Lehrmittelverlag St. Gallen","url":"https:\/\/www.lehrmittelverlag.ch\/cms\/","logo":{"@type":"ImageObject","inLanguage":"de-CH","@id":"https:\/\/www.lehrmittelverlag.ch\/cms\/#\/schema\/logo\/image\/","url":"https:\/\/www.lehrmittelverlag.ch\/cms\/wp-content\/uploads\/2022\/11\/logo-lmvsg.png","contentUrl":"https:\/\/www.lehrmittelverlag.ch\/cms\/wp-content\/uploads\/2022\/11\/logo-lmvsg.png","width":899,"height":349,"caption":"Lehrmittelverlag St. Gallen"},"image":{"@id":"https:\/\/www.lehrmittelverlag.ch\/cms\/#\/schema\/logo\/image\/"},"sameAs":["https:\/\/www.facebook.com\/LehrmittelverlagSG\/","https:\/\/x.com\/Lehrmittel_SG"]}]}},"_links":{"self":[{"href":"https:\/\/www.lehrmittelverlag.ch\/cms\/wp-json\/wp\/v2\/pages\/2497","targetHints":{"allow":["GET"]}}],"collection":[{"href":"https:\/\/www.lehrmittelverlag.ch\/cms\/wp-json\/wp\/v2\/pages"}],"about":[{"href":"https:\/\/www.lehrmittelverlag.ch\/cms\/wp-json\/wp\/v2\/types\/page"}],"author":[{"embeddable":true,"href":"https:\/\/www.lehrmittelverlag.ch\/cms\/wp-json\/wp\/v2\/users\/3"}],"replies":[{"embeddable":true,"href":"https:\/\/www.lehrmittelverlag.ch\/cms\/wp-json\/wp\/v2\/comments?post=2497"}],"version-history":[{"count":26,"href":"https:\/\/www.lehrmittelverlag.ch\/cms\/wp-json\/wp\/v2\/pages\/2497\/revisions"}],"predecessor-version":[{"id":2527,"href":"https:\/\/www.lehrmittelverlag.ch\/cms\/wp-json\/wp\/v2\/pages\/2497\/revisions\/2527"}],"up":[{"embeddable":true,"href":"https:\/\/www.lehrmittelverlag.ch\/cms\/wp-json\/wp\/v2\/pages\/243"}],"wp:attachment":[{"href":"https:\/\/www.lehrmittelverlag.ch\/cms\/wp-json\/wp\/v2\/media?parent=2497"}],"curies":[{"name":"wp","href":"https:\/\/api.w.org\/{rel}","templated":true}]}}