{"id":3242,"date":"2024-05-13T13:57:39","date_gmt":"2024-05-13T11:57:39","guid":{"rendered":"https:\/\/www.lehrmittelverlag.ch\/cms\/?page_id=3242"},"modified":"2024-05-13T14:01:07","modified_gmt":"2024-05-13T12:01:07","slug":"hinter-den-kulissen-des-lehrmittel-lagers","status":"publish","type":"page","link":"https:\/\/www.lehrmittelverlag.ch\/cms\/newsletter\/hinter-den-kulissen-des-lehrmittel-lagers\/","title":{"rendered":"Hinter den Kulissen des Lehrmittel-Lagers"},"content":{"rendered":"","protected":false},"excerpt":{"rendered":"","protected":false},"author":4,"featured_media":0,"parent":243,"menu_order":6,"comment_status":"closed","ping_status":"closed","template":"","meta":{"_acf_changed":false,"inline_featured_image":false,"footnotes":""},"class_list":["post-3242","page","type-page","status-publish","hentry"],"acf":{"inhaltselemente":[{"acf_fc_layout":"text_element","text_element_titel":"Die Lernmedien sind unterwegs!","text_element_titel_typ":"2","text_element_titel_size":"","text_element_titel_fake":false,"text_element_titel_icon":"","text_element_content":"[caption id=\"attachment_3248\" align=\"aligncenter\" width=\"1036\"]<img class=\"wp-image-3248 \" src=\"https:\/\/www.lehrmittelverlag.ch\/cms\/wp-content\/uploads\/2024\/05\/Lager_2024_4-1024x576.jpg\" alt=\"\" width=\"1036\" height=\"583\" \/> Die ersten Paletten stehen bereit f\u00fcr den Versand.[\/caption]\r\n\r\n<em>Jedes Jahr bei den Hauptschulbestellungen liefert der Lehrmittelverlag St.Gallen (LMVSG) tonnenweise Lernmaterial und Schulb\u00fccher an die Primar- und Oberstufenschulen des Kantons. Jetzt ist es wieder so weit: Die ersten hundert Paletten sind bereit und die Lastwagen fahren los. <\/em>\r\n\r\nEs ist unerwartet ruhig in der Lagerhalle. Und das, obwohl die stressigste Phase im ganzen Kalenderjahr gerade erst ihren Anfang nimmt. Fokussiertes Schweigen wird nur gelegentlich vom Rumpeln des Palettenhebers, einem R\u00e4uspern oder dem Kratzen eines Stifts auf der Lieferliste unterbrochen. Die Lagermitarbeiter Reto Kriech und Massimo Zanni sowie zwei Aushilfen, die extra f\u00fcr die arbeitsintensiven Wochen einspringen, kontrollieren die Bestellungen und bereiten diese f\u00fcr den Versand an die Schulen des Kantons St.Gallen vor.\r\n\r\n<strong>Grundversorgung sichern\r\n<\/strong>Der Lehrmittelverlag St.Gallen entwickelt und produziert nicht nur eigene Lernmedien, er stellt als Profit-Center innerhalb des Amts f\u00fcr Volksschule auch die Lehrmittelgrundversorgung der rund 250 Primarschulen, 90 Oberstufenschulen sowie weiterer Sonder- und Privatschulen des Kantons St.Gallen mit Lernmedien diverserer Verlage sicher. Im vergangenen Jahr waren es rund 180 Tonnen an Lernmaterial und Schulb\u00fcchern, die mit den gesammelten Hauptschulbestellungen in die Klassenzimmer angeliefert wurden. Und das rechtzeitig vor den Sommerferien, damit sich alle Lehrpersonen f\u00fcr das neue Schuljahr vorbereiten k\u00f6nnen.","text_element_bgcolor":false,"text_element_text_size":"default"},{"acf_fc_layout":"text_element","text_element_titel":"Zahlen und Fakten","text_element_titel_typ":"3","text_element_titel_size":"","text_element_titel_fake":false,"text_element_titel_icon":"","text_element_content":"Lagerfl\u00e4che: 1'400 m<sup>2\r\n<\/sup>Lagerpl\u00e4tze: 800\r\nAnzahl verf\u00fcgbare Artikel im Lager: ca. 1'300\r\nPaketsendungen pro Tag: ca. 25\r\nPaketsendungen pro Jahr: ca. 5'400\r\nWarenumschlag pro Jahr: ca. 500 Tonnen\r\nSchulauslieferung April bis Juli: ca. 180 Tonnen (2023)\r\nSchulauslieferung LKW-Fahrten: 61","text_element_bgcolor":true,"text_element_text_size":"default"},{"acf_fc_layout":"text_element","text_element_titel":"","text_element_titel_typ":"2","text_element_titel_size":"","text_element_titel_fake":false,"text_element_titel_icon":"","text_element_content":"<strong><img class=\" wp-image-3249 alignnone\" src=\"https:\/\/www.lehrmittelverlag.ch\/cms\/wp-content\/uploads\/2024\/05\/Lager_2024_5-300x240.jpg\" alt=\"\" width=\"362\" height=\"289\" \/><img class=\"wp-image-3250 alignnone\" src=\"https:\/\/www.lehrmittelverlag.ch\/cms\/wp-content\/uploads\/2024\/05\/Lager_2024_3-240x300.jpg\" alt=\"\" width=\"231\" height=\"289\" \/><img class=\"wp-image-3252 alignnone\" src=\"https:\/\/www.lehrmittelverlag.ch\/cms\/wp-content\/uploads\/2024\/05\/Lager_2024_6-300x225.jpg\" alt=\"\" width=\"385\" height=\"289\" \/><\/strong>\r\n\r\n<strong>Von der Einkaufsgemeinschaft profitieren\r\n<\/strong>Dieses Jahr wird es besonders spannend. Zum ersten Mal nutzt der Lehrmittelverlag St.Gallen die Synergien mit der neu gegr\u00fcndeten Einkaufsgemeinschaft des Verbands St.Galler Volksschulen (SGV). Von 90 \u00f6ffentlichen Schultr\u00e4gern sind bisher 84 (93 Prozent) der Vereinbarung beigetreten, wobei diese 97 Prozent aller Sch\u00fclerinnen und Sch\u00fcler repr\u00e4sentieren. F\u00fcr die Schultr\u00e4ger in der Einkaufsgemeinschaft k\u00fcmmert sich der LMVSG um die Einhaltung des Beschaffungsrechts und den Bestellprozess. Zudem profitieren die Mitglieder von Spezialkonditionen. Weitere Informationen zu den Lehrmittelbestellungen, der Empfehlungsliste und zur Finanzierung haben wir Ihnen unter <a href=\"https:\/\/www.lehrmittelverlag.ch\/cms\/verlag\/schulen-im-kanton-st-gallen\/\">\u00abSchulen im Kanton St.Gallen\u00bb<\/a> zusammengestellt. Hier finden Sie auch den Liefertermin f\u00fcr Ihre Schule als Tabelle zum Download.\r\n\r\n<strong>Los geht\u2019s!\r\n<\/strong>Der erste LKW ist da und nun z\u00e4hlt jede Minute. Zusammen mit dem Chauffeur packen alle an, um die Paletten sicher und in der korrekten Reihenfolge aufzuladen. Schon nach kurzer Zeit kehrt wieder Ruhe im Lager ein: Die n\u00e4chsten Bestellungen warten und fordern die Konzentration aller. Gut einen Monat lang bis zum 28. Juni sind insgesamt 29 Fahrten mit einem grossen und 32 Fahrten mit einem kleinen LKW geplant.\r\n\r\n<a class=\"btn-arrow\" href=\"https:\/\/www.lehrmittelverlag.ch\/cms\/services\/support\/\" target=\"_blank\" rel=\"noopener\">Kontaktieren Sie uns<\/a>","text_element_bgcolor":false,"text_element_text_size":"default"}]},"yoast_head":"<!-- This site is optimized with the Yoast SEO plugin v27.3 - https:\/\/yoast.com\/product\/yoast-seo-wordpress\/ -->\n<title>Hinter den Kulissen des Lehrmittel-Lagers - Lehrmittelverlag St. Gallen<\/title>\n<meta name=\"description\" content=\"Rund 6&#039;300 Paketsendungen pro Jahr finden ihren Weg zu den Kundinnen und Kunden des Lehrmittelverlags St.Gallen (LMV SG).\" \/>\n<meta name=\"robots\" content=\"index, follow, max-snippet:-1, max-image-preview:large, max-video-preview:-1\" \/>\n<link rel=\"canonical\" href=\"https:\/\/www.lehrmittelverlag.ch\/cms\/newsletter\/hinter-den-kulissen-des-lehrmittel-lagers\/\" \/>\n<meta property=\"og:locale\" content=\"de_DE\" \/>\n<meta property=\"og:type\" content=\"article\" \/>\n<meta property=\"og:title\" content=\"Hinter den Kulissen des Lehrmittel-Lagers - Lehrmittelverlag St. Gallen\" \/>\n<meta property=\"og:description\" content=\"Rund 6&#039;300 Paketsendungen pro Jahr finden ihren Weg zu den Kundinnen und Kunden des Lehrmittelverlags St.Gallen (LMV SG).\" \/>\n<meta property=\"og:url\" content=\"https:\/\/www.lehrmittelverlag.ch\/cms\/newsletter\/hinter-den-kulissen-des-lehrmittel-lagers\/\" \/>\n<meta property=\"og:site_name\" content=\"Lehrmittelverlag St. Gallen\" \/>\n<meta property=\"article:publisher\" content=\"https:\/\/www.facebook.com\/LehrmittelverlagSG\/\" \/>\n<meta property=\"article:modified_time\" content=\"2024-05-13T12:01:07+00:00\" \/>\n<meta property=\"og:image\" content=\"https:\/\/www.lehrmittelverlag.ch\/cms\/wp-content\/uploads\/2022\/11\/og-image-lmvsg.png\" \/>\n\t<meta property=\"og:image:width\" content=\"1200\" \/>\n\t<meta property=\"og:image:height\" content=\"630\" \/>\n\t<meta property=\"og:image:type\" content=\"image\/png\" \/>\n<meta name=\"twitter:card\" content=\"summary_large_image\" \/>\n<meta name=\"twitter:site\" content=\"@Lehrmittel_SG\" \/>\n<meta name=\"twitter:label1\" content=\"Gesch\u00e4tzte Lesezeit\" \/>\n\t<meta name=\"twitter:data1\" content=\"4\u00a0Minuten\" \/>\n<script type=\"application\/ld+json\" class=\"yoast-schema-graph\">{\"@context\":\"https:\\\/\\\/schema.org\",\"@graph\":[{\"@type\":\"WebPage\",\"@id\":\"https:\\\/\\\/www.lehrmittelverlag.ch\\\/cms\\\/newsletter\\\/hinter-den-kulissen-des-lehrmittel-lagers\\\/\",\"url\":\"https:\\\/\\\/www.lehrmittelverlag.ch\\\/cms\\\/newsletter\\\/hinter-den-kulissen-des-lehrmittel-lagers\\\/\",\"name\":\"Hinter den Kulissen des Lehrmittel-Lagers - Lehrmittelverlag St. Gallen\",\"isPartOf\":{\"@id\":\"https:\\\/\\\/www.lehrmittelverlag.ch\\\/cms\\\/#website\"},\"datePublished\":\"2024-05-13T11:57:39+00:00\",\"dateModified\":\"2024-05-13T12:01:07+00:00\",\"description\":\"Rund 6'300 Paketsendungen pro Jahr finden ihren Weg zu den Kundinnen und Kunden des Lehrmittelverlags St.Gallen (LMV SG).\",\"breadcrumb\":{\"@id\":\"https:\\\/\\\/www.lehrmittelverlag.ch\\\/cms\\\/newsletter\\\/hinter-den-kulissen-des-lehrmittel-lagers\\\/#breadcrumb\"},\"inLanguage\":\"de-CH\",\"potentialAction\":[{\"@type\":\"ReadAction\",\"target\":[\"https:\\\/\\\/www.lehrmittelverlag.ch\\\/cms\\\/newsletter\\\/hinter-den-kulissen-des-lehrmittel-lagers\\\/\"]}]},{\"@type\":\"BreadcrumbList\",\"@id\":\"https:\\\/\\\/www.lehrmittelverlag.ch\\\/cms\\\/newsletter\\\/hinter-den-kulissen-des-lehrmittel-lagers\\\/#breadcrumb\",\"itemListElement\":[{\"@type\":\"ListItem\",\"position\":1,\"name\":\"Shop\",\"item\":\"\\\/\"},{\"@type\":\"ListItem\",\"position\":2,\"name\":\"Newsletter\",\"item\":\"https:\\\/\\\/www.lehrmittelverlag.ch\\\/cms\\\/newsletter\\\/\"},{\"@type\":\"ListItem\",\"position\":3,\"name\":\"Hinter den Kulissen des Lehrmittel-Lagers\"}]},{\"@type\":\"WebSite\",\"@id\":\"https:\\\/\\\/www.lehrmittelverlag.ch\\\/cms\\\/#website\",\"url\":\"https:\\\/\\\/www.lehrmittelverlag.ch\\\/cms\\\/\",\"name\":\"Lehrmittelverlag St. Gallen\",\"description\":\"\",\"publisher\":{\"@id\":\"https:\\\/\\\/www.lehrmittelverlag.ch\\\/cms\\\/#organization\"},\"potentialAction\":[{\"@type\":\"SearchAction\",\"target\":{\"@type\":\"EntryPoint\",\"urlTemplate\":\"https:\\\/\\\/www.lehrmittelverlag.ch\\\/cms\\\/?s={search_term_string}\"},\"query-input\":{\"@type\":\"PropertyValueSpecification\",\"valueRequired\":true,\"valueName\":\"search_term_string\"}}],\"inLanguage\":\"de-CH\"},{\"@type\":\"Organization\",\"@id\":\"https:\\\/\\\/www.lehrmittelverlag.ch\\\/cms\\\/#organization\",\"name\":\"Lehrmittelverlag St. Gallen\",\"url\":\"https:\\\/\\\/www.lehrmittelverlag.ch\\\/cms\\\/\",\"logo\":{\"@type\":\"ImageObject\",\"inLanguage\":\"de-CH\",\"@id\":\"https:\\\/\\\/www.lehrmittelverlag.ch\\\/cms\\\/#\\\/schema\\\/logo\\\/image\\\/\",\"url\":\"https:\\\/\\\/www.lehrmittelverlag.ch\\\/cms\\\/wp-content\\\/uploads\\\/2022\\\/11\\\/logo-lmvsg.png\",\"contentUrl\":\"https:\\\/\\\/www.lehrmittelverlag.ch\\\/cms\\\/wp-content\\\/uploads\\\/2022\\\/11\\\/logo-lmvsg.png\",\"width\":899,\"height\":349,\"caption\":\"Lehrmittelverlag St. Gallen\"},\"image\":{\"@id\":\"https:\\\/\\\/www.lehrmittelverlag.ch\\\/cms\\\/#\\\/schema\\\/logo\\\/image\\\/\"},\"sameAs\":[\"https:\\\/\\\/www.facebook.com\\\/LehrmittelverlagSG\\\/\",\"https:\\\/\\\/x.com\\\/Lehrmittel_SG\"]}]}<\/script>\n<!-- \/ Yoast SEO plugin. -->","yoast_head_json":{"title":"Hinter den Kulissen des Lehrmittel-Lagers - Lehrmittelverlag St. Gallen","description":"Rund 6'300 Paketsendungen pro Jahr finden ihren Weg zu den Kundinnen und Kunden des Lehrmittelverlags St.Gallen (LMV SG).","robots":{"index":"index","follow":"follow","max-snippet":"max-snippet:-1","max-image-preview":"max-image-preview:large","max-video-preview":"max-video-preview:-1"},"canonical":"https:\/\/www.lehrmittelverlag.ch\/cms\/newsletter\/hinter-den-kulissen-des-lehrmittel-lagers\/","og_locale":"de_DE","og_type":"article","og_title":"Hinter den Kulissen des Lehrmittel-Lagers - Lehrmittelverlag St. Gallen","og_description":"Rund 6'300 Paketsendungen pro Jahr finden ihren Weg zu den Kundinnen und Kunden des Lehrmittelverlags St.Gallen (LMV SG).","og_url":"https:\/\/www.lehrmittelverlag.ch\/cms\/newsletter\/hinter-den-kulissen-des-lehrmittel-lagers\/","og_site_name":"Lehrmittelverlag St. Gallen","article_publisher":"https:\/\/www.facebook.com\/LehrmittelverlagSG\/","article_modified_time":"2024-05-13T12:01:07+00:00","og_image":[{"width":1200,"height":630,"url":"https:\/\/www.lehrmittelverlag.ch\/cms\/wp-content\/uploads\/2022\/11\/og-image-lmvsg.png","type":"image\/png"}],"twitter_card":"summary_large_image","twitter_site":"@Lehrmittel_SG","twitter_misc":{"Gesch\u00e4tzte Lesezeit":"4\u00a0Minuten"},"schema":{"@context":"https:\/\/schema.org","@graph":[{"@type":"WebPage","@id":"https:\/\/www.lehrmittelverlag.ch\/cms\/newsletter\/hinter-den-kulissen-des-lehrmittel-lagers\/","url":"https:\/\/www.lehrmittelverlag.ch\/cms\/newsletter\/hinter-den-kulissen-des-lehrmittel-lagers\/","name":"Hinter den Kulissen des Lehrmittel-Lagers - Lehrmittelverlag St. Gallen","isPartOf":{"@id":"https:\/\/www.lehrmittelverlag.ch\/cms\/#website"},"datePublished":"2024-05-13T11:57:39+00:00","dateModified":"2024-05-13T12:01:07+00:00","description":"Rund 6'300 Paketsendungen pro Jahr finden ihren Weg zu den Kundinnen und Kunden des Lehrmittelverlags St.Gallen (LMV SG).","breadcrumb":{"@id":"https:\/\/www.lehrmittelverlag.ch\/cms\/newsletter\/hinter-den-kulissen-des-lehrmittel-lagers\/#breadcrumb"},"inLanguage":"de-CH","potentialAction":[{"@type":"ReadAction","target":["https:\/\/www.lehrmittelverlag.ch\/cms\/newsletter\/hinter-den-kulissen-des-lehrmittel-lagers\/"]}]},{"@type":"BreadcrumbList","@id":"https:\/\/www.lehrmittelverlag.ch\/cms\/newsletter\/hinter-den-kulissen-des-lehrmittel-lagers\/#breadcrumb","itemListElement":[{"@type":"ListItem","position":1,"name":"Shop","item":"\/"},{"@type":"ListItem","position":2,"name":"Newsletter","item":"https:\/\/www.lehrmittelverlag.ch\/cms\/newsletter\/"},{"@type":"ListItem","position":3,"name":"Hinter den Kulissen des Lehrmittel-Lagers"}]},{"@type":"WebSite","@id":"https:\/\/www.lehrmittelverlag.ch\/cms\/#website","url":"https:\/\/www.lehrmittelverlag.ch\/cms\/","name":"Lehrmittelverlag St. Gallen","description":"","publisher":{"@id":"https:\/\/www.lehrmittelverlag.ch\/cms\/#organization"},"potentialAction":[{"@type":"SearchAction","target":{"@type":"EntryPoint","urlTemplate":"https:\/\/www.lehrmittelverlag.ch\/cms\/?s={search_term_string}"},"query-input":{"@type":"PropertyValueSpecification","valueRequired":true,"valueName":"search_term_string"}}],"inLanguage":"de-CH"},{"@type":"Organization","@id":"https:\/\/www.lehrmittelverlag.ch\/cms\/#organization","name":"Lehrmittelverlag St. Gallen","url":"https:\/\/www.lehrmittelverlag.ch\/cms\/","logo":{"@type":"ImageObject","inLanguage":"de-CH","@id":"https:\/\/www.lehrmittelverlag.ch\/cms\/#\/schema\/logo\/image\/","url":"https:\/\/www.lehrmittelverlag.ch\/cms\/wp-content\/uploads\/2022\/11\/logo-lmvsg.png","contentUrl":"https:\/\/www.lehrmittelverlag.ch\/cms\/wp-content\/uploads\/2022\/11\/logo-lmvsg.png","width":899,"height":349,"caption":"Lehrmittelverlag St. Gallen"},"image":{"@id":"https:\/\/www.lehrmittelverlag.ch\/cms\/#\/schema\/logo\/image\/"},"sameAs":["https:\/\/www.facebook.com\/LehrmittelverlagSG\/","https:\/\/x.com\/Lehrmittel_SG"]}]}},"_links":{"self":[{"href":"https:\/\/www.lehrmittelverlag.ch\/cms\/wp-json\/wp\/v2\/pages\/3242","targetHints":{"allow":["GET"]}}],"collection":[{"href":"https:\/\/www.lehrmittelverlag.ch\/cms\/wp-json\/wp\/v2\/pages"}],"about":[{"href":"https:\/\/www.lehrmittelverlag.ch\/cms\/wp-json\/wp\/v2\/types\/page"}],"author":[{"embeddable":true,"href":"https:\/\/www.lehrmittelverlag.ch\/cms\/wp-json\/wp\/v2\/users\/4"}],"replies":[{"embeddable":true,"href":"https:\/\/www.lehrmittelverlag.ch\/cms\/wp-json\/wp\/v2\/comments?post=3242"}],"version-history":[{"count":10,"href":"https:\/\/www.lehrmittelverlag.ch\/cms\/wp-json\/wp\/v2\/pages\/3242\/revisions"}],"predecessor-version":[{"id":3258,"href":"https:\/\/www.lehrmittelverlag.ch\/cms\/wp-json\/wp\/v2\/pages\/3242\/revisions\/3258"}],"up":[{"embeddable":true,"href":"https:\/\/www.lehrmittelverlag.ch\/cms\/wp-json\/wp\/v2\/pages\/243"}],"wp:attachment":[{"href":"https:\/\/www.lehrmittelverlag.ch\/cms\/wp-json\/wp\/v2\/media?parent=3242"}],"curies":[{"name":"wp","href":"https:\/\/api.w.org\/{rel}","templated":true}]}}