{"id":5344,"date":"2025-07-17T14:55:45","date_gmt":"2025-07-17T12:55:45","guid":{"rendered":"https:\/\/www.lehrmittelverlag.ch\/cms\/?page_id=5344"},"modified":"2026-03-29T20:09:44","modified_gmt":"2026-03-29T18:09:44","slug":"leseschlau-erprobung","status":"publish","type":"page","link":"https:\/\/www.lehrmittelverlag.ch\/cms\/newsletter\/leseschlau-erprobung\/","title":{"rendered":"Erprobung von heilp\u00e4dagogischen Materialien"},"content":{"rendered":"","protected":false},"excerpt":{"rendered":"","protected":false},"author":5,"featured_media":0,"parent":243,"menu_order":20,"comment_status":"closed","ping_status":"closed","template":"","meta":{"_acf_changed":false,"inline_featured_image":false,"footnotes":""},"class_list":["post-5344","page","type-page","status-publish","hentry"],"acf":{"inhaltselemente":[{"acf_fc_layout":"two_cols","two_cols_flex_content_col_one":[{"acf_fc_layout":"text_element","text_element_":null,"text_element_text_element_titel":"Klassenlehrpersonen und Heilp\u00e4dagoginnen \/ Heilp\u00e4dagogen gesucht","text_element_text_element_titel_typ":"3","text_element_text_element_titel_size":"","text_element_text_element_titel_fake":false,"text_element_text_element_content":"F\u00fcr die Lehrmittelreihe Leseschlau wird ein heilp\u00e4dagogischer Band entwickelt, der Kinder mit F\u00f6rderbedarf unterst\u00fctzt und Lehrpersonen entlastet.\r\n\r\nWir suchen engagierte Klassenlehrpersonen und Heilp\u00e4dagogen, die Leseschlau im Unterricht im kommenden Schuljahr einsetzen und den neuen heilp\u00e4dagogischen Band mitgestalten und testen im Zeitraum von September 2026 bis Ende Mai 2027.\r\n\r\nHaben wir Ihr Interesse geweckt? Dann nehmen Sie Kontakt mit unserer Projektleiterin Bettina K\u00e4lin auf.","text_element_text_element_text_size":"default"}],"two_cols_flex_content_col_two":[{"acf_fc_layout":"text_element","text_element_":null,"text_element_text_element_titel":"","text_element_text_element_titel_typ":"2","text_element_text_element_titel_size":"","text_element_text_element_titel_fake":false,"text_element_text_element_content":"<div class=\"cms-element-title-seo\">\r\n<div class=\"cms-element-title-seo__title-block\">\r\n<div class=\"row\">\r\n<div class=\"cms-element-title-seo__title-block__text col\">\r\n<div class=\"cms-element-title-seo__title-block__text__heading\">\r\n<div class=\"h5 title\">Kontakt<\/div>\r\n<\/div>\r\n<\/div>\r\n<\/div>\r\n<\/div>\r\n<\/div>\r\n<div class=\"cms-element-text-seo__text-block\">\r\n\r\nBettina K\u00e4lin\r\n<a href=\"tel:+41582287668\">T +41 (0)58 228 76 75<\/a>\r\n<a href=\"mailto:bettina.kaelin@sg.ch\">beratung@lehrmittelverlag.ch<\/a>\r\n\r\n<\/div>\r\n&nbsp;\r\n\r\n<a class=\"btn-arrow\" href=\"https:\/\/www.lehrmittelverlag.ch\/shop\/?filter=reihe,leseschlau\" target=\"_blank\" rel=\"noopener\">\u00dcbersicht Leseschlau-Produkte<\/a>\r\n\r\n<a class=\"btn-arrow\" href=\"\/Sortimentseiten\/Lehrmittelreihen\/leseschlau\/\" target=\"_blank\" rel=\"noopener\">Verlagsprogramm von Leseschlau<\/a>","text_element_text_element_text_size":"default"}],"two_cols_bgcolor":false,"two_cols_spaltenbreite":"two-third-one-third"},{"acf_fc_layout":"text_img_element","text_element_titel":"Leseschlau","text_element_titel_typ":"2","text_element_titel_size":"","text_element_titel_fake":false,"text_element_content":"<p class=\"paragraph-noserif\"><strong>Deutsch \/ DaZ<\/strong>\r\n<strong>Primarstufe 1. \u2013 2. Klasse<\/strong><\/p>\r\nMit Sprechbewegungsbildern lernen Kinder gezielt Lesen und Schreiben. Die Lautschulung von \u00abLeseschlau\u00bb wirkt pr\u00e4ventiv f\u00fcr lese- und rechtschreibschwache Kinder.\r\n\r\n<a class=\"btn-arrow\" href=\"\/Sortimentseiten\/Lehrmittelreihen\/leseschlau\/\" target=\"_blank\" rel=\"noopener\">Mehr erfahren<\/a>","image_element_image_element_image":4479,"image_element_image_element_lightbox":true,"events_element_type_category_events_element_type_category":[],"events_element_topic_category_events_element_topic_category":[],"events_element_amount_events_element_amount":"","text_element_text_size":"default","text_img_element_spaltenbreite":"two-third-one-third","text_img_element_orientation":"default","text_img_element_bgcolor":true}]},"yoast_head":"<!-- This site is optimized with the Yoast SEO plugin v27.4 - https:\/\/yoast.com\/product\/yoast-seo-wordpress\/ -->\n<title>Erprobung von heilp\u00e4dagogischen Materialien - Lehrmittelverlag St. Gallen<\/title>\n<meta name=\"description\" content=\"Erprobung von heilp\u00e4dagogischen Materialien - Der Lehrmittelverlag St.Gallen mit Sitz in Rorschach ist eine Abteilung des kantonalen Bildungsdepartements im Amt f\u00fcr Volksschule. Der Lehrmittelverlag St.Gallen ist die Verbindungsstelle zwischen Bildungspolitik und Lernmedien f\u00fcr die Volksschule.\" \/>\n<meta name=\"robots\" content=\"index, follow, max-snippet:-1, max-image-preview:large, max-video-preview:-1\" \/>\n<link rel=\"canonical\" href=\"https:\/\/www.lehrmittelverlag.ch\/\" \/>\n<meta property=\"og:locale\" content=\"de_DE\" \/>\n<meta property=\"og:type\" content=\"article\" \/>\n<meta property=\"og:title\" content=\"Erprobung von heilp\u00e4dagogischen Materialien - Lehrmittelverlag St. Gallen\" \/>\n<meta property=\"og:description\" content=\"Erprobung von heilp\u00e4dagogischen Materialien - Der Lehrmittelverlag St.Gallen mit Sitz in Rorschach ist eine Abteilung des kantonalen Bildungsdepartements im Amt f\u00fcr Volksschule. Der Lehrmittelverlag St.Gallen ist die Verbindungsstelle zwischen Bildungspolitik und Lernmedien f\u00fcr die Volksschule.\" \/>\n<meta property=\"og:url\" content=\"\/\" \/>\n<meta property=\"og:site_name\" content=\"Lehrmittelverlag St. Gallen\" \/>\n<meta property=\"article:publisher\" content=\"https:\/\/www.facebook.com\/LehrmittelverlagSG\/\" \/>\n<meta property=\"article:modified_time\" content=\"2026-03-29T18:09:44+00:00\" \/>\n<meta property=\"og:image\" content=\"https:\/\/www.lehrmittelverlag.ch\/cms\/wp-content\/uploads\/2022\/11\/og-image-lmvsg.png\" \/>\n\t<meta property=\"og:image:width\" content=\"1200\" \/>\n\t<meta property=\"og:image:height\" content=\"630\" \/>\n\t<meta property=\"og:image:type\" content=\"image\/png\" \/>\n<meta name=\"twitter:card\" content=\"summary_large_image\" \/>\n<meta name=\"twitter:site\" content=\"@Lehrmittel_SG\" \/>\n<meta name=\"twitter:label1\" content=\"Gesch\u00e4tzte Lesezeit\" \/>\n\t<meta name=\"twitter:data1\" content=\"1\u00a0Minute\" \/>\n<script type=\"application\/ld+json\" class=\"yoast-schema-graph\">{\"@context\":\"https:\\\/\\\/schema.org\",\"@graph\":[{\"@type\":\"WebPage\",\"@id\":\"\\\/\",\"url\":\"https:\\\/\\\/www.lehrmittelverlag.ch\\\/\",\"name\":\"Erprobung von heilp\u00e4dagogischen Materialien - Lehrmittelverlag St. Gallen\",\"isPartOf\":{\"@id\":\"https:\\\/\\\/www.lehrmittelverlag.ch\\\/cms\\\/#website\"},\"datePublished\":\"2025-07-17T12:55:45+00:00\",\"dateModified\":\"2026-03-29T18:09:44+00:00\",\"description\":\"Erprobung von heilp\u00e4dagogischen Materialien - Der Lehrmittelverlag St.Gallen mit Sitz in Rorschach ist eine Abteilung des kantonalen Bildungsdepartements im Amt f\u00fcr Volksschule. Der Lehrmittelverlag St.Gallen ist die Verbindungsstelle zwischen Bildungspolitik und Lernmedien f\u00fcr die Volksschule.\",\"breadcrumb\":{\"@id\":\"https:\\\/\\\/www.lehrmittelverlag.ch\\\/#breadcrumb\"},\"inLanguage\":\"de-CH\",\"potentialAction\":[{\"@type\":\"ReadAction\",\"target\":[\"https:\\\/\\\/www.lehrmittelverlag.ch\\\/\"]}]},{\"@type\":\"BreadcrumbList\",\"@id\":\"https:\\\/\\\/www.lehrmittelverlag.ch\\\/#breadcrumb\",\"itemListElement\":[{\"@type\":\"ListItem\",\"position\":1,\"name\":\"Shop\",\"item\":\"\\\/\"},{\"@type\":\"ListItem\",\"position\":2,\"name\":\"Newsletter\",\"item\":\"https:\\\/\\\/www.lehrmittelverlag.ch\\\/cms\\\/newsletter\\\/\"},{\"@type\":\"ListItem\",\"position\":3,\"name\":\"Erprobung von heilp\u00e4dagogischen Materialien\"}]},{\"@type\":\"WebSite\",\"@id\":\"https:\\\/\\\/www.lehrmittelverlag.ch\\\/cms\\\/#website\",\"url\":\"https:\\\/\\\/www.lehrmittelverlag.ch\\\/cms\\\/\",\"name\":\"Lehrmittelverlag St. Gallen\",\"description\":\"\",\"publisher\":{\"@id\":\"https:\\\/\\\/www.lehrmittelverlag.ch\\\/cms\\\/#organization\"},\"potentialAction\":[{\"@type\":\"SearchAction\",\"target\":{\"@type\":\"EntryPoint\",\"urlTemplate\":\"https:\\\/\\\/www.lehrmittelverlag.ch\\\/cms\\\/?s={search_term_string}\"},\"query-input\":{\"@type\":\"PropertyValueSpecification\",\"valueRequired\":true,\"valueName\":\"search_term_string\"}}],\"inLanguage\":\"de-CH\"},{\"@type\":\"Organization\",\"@id\":\"https:\\\/\\\/www.lehrmittelverlag.ch\\\/cms\\\/#organization\",\"name\":\"Lehrmittelverlag St. Gallen\",\"url\":\"https:\\\/\\\/www.lehrmittelverlag.ch\\\/cms\\\/\",\"logo\":{\"@type\":\"ImageObject\",\"inLanguage\":\"de-CH\",\"@id\":\"https:\\\/\\\/www.lehrmittelverlag.ch\\\/cms\\\/#\\\/schema\\\/logo\\\/image\\\/\",\"url\":\"https:\\\/\\\/www.lehrmittelverlag.ch\\\/cms\\\/wp-content\\\/uploads\\\/2022\\\/11\\\/logo-lmvsg.png\",\"contentUrl\":\"https:\\\/\\\/www.lehrmittelverlag.ch\\\/cms\\\/wp-content\\\/uploads\\\/2022\\\/11\\\/logo-lmvsg.png\",\"width\":899,\"height\":349,\"caption\":\"Lehrmittelverlag St. Gallen\"},\"image\":{\"@id\":\"https:\\\/\\\/www.lehrmittelverlag.ch\\\/cms\\\/#\\\/schema\\\/logo\\\/image\\\/\"},\"sameAs\":[\"https:\\\/\\\/www.facebook.com\\\/LehrmittelverlagSG\\\/\",\"https:\\\/\\\/x.com\\\/Lehrmittel_SG\"]}]}<\/script>\n<!-- \/ Yoast SEO plugin. -->","yoast_head_json":{"title":"Erprobung von heilp\u00e4dagogischen Materialien - Lehrmittelverlag St. Gallen","description":"Erprobung von heilp\u00e4dagogischen Materialien - Der Lehrmittelverlag St.Gallen mit Sitz in Rorschach ist eine Abteilung des kantonalen Bildungsdepartements im Amt f\u00fcr Volksschule. Der Lehrmittelverlag St.Gallen ist die Verbindungsstelle zwischen Bildungspolitik und Lernmedien f\u00fcr die Volksschule.","robots":{"index":"index","follow":"follow","max-snippet":"max-snippet:-1","max-image-preview":"max-image-preview:large","max-video-preview":"max-video-preview:-1"},"canonical":"https:\/\/www.lehrmittelverlag.ch\/","og_locale":"de_DE","og_type":"article","og_title":"Erprobung von heilp\u00e4dagogischen Materialien - Lehrmittelverlag St. Gallen","og_description":"Erprobung von heilp\u00e4dagogischen Materialien - Der Lehrmittelverlag St.Gallen mit Sitz in Rorschach ist eine Abteilung des kantonalen Bildungsdepartements im Amt f\u00fcr Volksschule. Der Lehrmittelverlag St.Gallen ist die Verbindungsstelle zwischen Bildungspolitik und Lernmedien f\u00fcr die Volksschule.","og_url":"\/","og_site_name":"Lehrmittelverlag St. Gallen","article_publisher":"https:\/\/www.facebook.com\/LehrmittelverlagSG\/","article_modified_time":"2026-03-29T18:09:44+00:00","og_image":[{"width":1200,"height":630,"url":"https:\/\/www.lehrmittelverlag.ch\/cms\/wp-content\/uploads\/2022\/11\/og-image-lmvsg.png","type":"image\/png"}],"twitter_card":"summary_large_image","twitter_site":"@Lehrmittel_SG","twitter_misc":{"Gesch\u00e4tzte Lesezeit":"1\u00a0Minute"},"schema":{"@context":"https:\/\/schema.org","@graph":[{"@type":"WebPage","@id":"\/","url":"https:\/\/www.lehrmittelverlag.ch\/","name":"Erprobung von heilp\u00e4dagogischen Materialien - Lehrmittelverlag St. Gallen","isPartOf":{"@id":"https:\/\/www.lehrmittelverlag.ch\/cms\/#website"},"datePublished":"2025-07-17T12:55:45+00:00","dateModified":"2026-03-29T18:09:44+00:00","description":"Erprobung von heilp\u00e4dagogischen Materialien - Der Lehrmittelverlag St.Gallen mit Sitz in Rorschach ist eine Abteilung des kantonalen Bildungsdepartements im Amt f\u00fcr Volksschule. Der Lehrmittelverlag St.Gallen ist die Verbindungsstelle zwischen Bildungspolitik und Lernmedien f\u00fcr die Volksschule.","breadcrumb":{"@id":"https:\/\/www.lehrmittelverlag.ch\/#breadcrumb"},"inLanguage":"de-CH","potentialAction":[{"@type":"ReadAction","target":["https:\/\/www.lehrmittelverlag.ch\/"]}]},{"@type":"BreadcrumbList","@id":"https:\/\/www.lehrmittelverlag.ch\/#breadcrumb","itemListElement":[{"@type":"ListItem","position":1,"name":"Shop","item":"\/"},{"@type":"ListItem","position":2,"name":"Newsletter","item":"https:\/\/www.lehrmittelverlag.ch\/cms\/newsletter\/"},{"@type":"ListItem","position":3,"name":"Erprobung von heilp\u00e4dagogischen Materialien"}]},{"@type":"WebSite","@id":"https:\/\/www.lehrmittelverlag.ch\/cms\/#website","url":"https:\/\/www.lehrmittelverlag.ch\/cms\/","name":"Lehrmittelverlag St. Gallen","description":"","publisher":{"@id":"https:\/\/www.lehrmittelverlag.ch\/cms\/#organization"},"potentialAction":[{"@type":"SearchAction","target":{"@type":"EntryPoint","urlTemplate":"https:\/\/www.lehrmittelverlag.ch\/cms\/?s={search_term_string}"},"query-input":{"@type":"PropertyValueSpecification","valueRequired":true,"valueName":"search_term_string"}}],"inLanguage":"de-CH"},{"@type":"Organization","@id":"https:\/\/www.lehrmittelverlag.ch\/cms\/#organization","name":"Lehrmittelverlag St. Gallen","url":"https:\/\/www.lehrmittelverlag.ch\/cms\/","logo":{"@type":"ImageObject","inLanguage":"de-CH","@id":"https:\/\/www.lehrmittelverlag.ch\/cms\/#\/schema\/logo\/image\/","url":"https:\/\/www.lehrmittelverlag.ch\/cms\/wp-content\/uploads\/2022\/11\/logo-lmvsg.png","contentUrl":"https:\/\/www.lehrmittelverlag.ch\/cms\/wp-content\/uploads\/2022\/11\/logo-lmvsg.png","width":899,"height":349,"caption":"Lehrmittelverlag St. Gallen"},"image":{"@id":"https:\/\/www.lehrmittelverlag.ch\/cms\/#\/schema\/logo\/image\/"},"sameAs":["https:\/\/www.facebook.com\/LehrmittelverlagSG\/","https:\/\/x.com\/Lehrmittel_SG"]}]}},"_links":{"self":[{"href":"https:\/\/www.lehrmittelverlag.ch\/cms\/wp-json\/wp\/v2\/pages\/5344","targetHints":{"allow":["GET"]}}],"collection":[{"href":"https:\/\/www.lehrmittelverlag.ch\/cms\/wp-json\/wp\/v2\/pages"}],"about":[{"href":"https:\/\/www.lehrmittelverlag.ch\/cms\/wp-json\/wp\/v2\/types\/page"}],"author":[{"embeddable":true,"href":"https:\/\/www.lehrmittelverlag.ch\/cms\/wp-json\/wp\/v2\/users\/5"}],"replies":[{"embeddable":true,"href":"https:\/\/www.lehrmittelverlag.ch\/cms\/wp-json\/wp\/v2\/comments?post=5344"}],"version-history":[{"count":9,"href":"https:\/\/www.lehrmittelverlag.ch\/cms\/wp-json\/wp\/v2\/pages\/5344\/revisions"}],"predecessor-version":[{"id":7301,"href":"https:\/\/www.lehrmittelverlag.ch\/cms\/wp-json\/wp\/v2\/pages\/5344\/revisions\/7301"}],"up":[{"embeddable":true,"href":"https:\/\/www.lehrmittelverlag.ch\/cms\/wp-json\/wp\/v2\/pages\/243"}],"wp:attachment":[{"href":"https:\/\/www.lehrmittelverlag.ch\/cms\/wp-json\/wp\/v2\/media?parent=5344"}],"curies":[{"name":"wp","href":"https:\/\/api.w.org\/{rel}","templated":true}]}}