{"id":5395,"date":"2025-08-05T08:52:43","date_gmt":"2025-08-05T06:52:43","guid":{"rendered":"https:\/\/www.lehrmittelverlag.ch\/cms\/?page_id=5395"},"modified":"2025-08-07T15:04:32","modified_gmt":"2025-08-07T13:04:32","slug":"typewriter-inklusiver-unterricht","status":"publish","type":"page","link":"https:\/\/www.lehrmittelverlag.ch\/cms\/newsletter\/typewriter-inklusiver-unterricht\/","title":{"rendered":"Typewriter: Inklusiver Unterricht"},"content":{"rendered":"","protected":false},"excerpt":{"rendered":"","protected":false},"author":8,"featured_media":0,"parent":243,"menu_order":20,"comment_status":"closed","ping_status":"closed","template":"","meta":{"_acf_changed":false,"inline_featured_image":false,"footnotes":""},"class_list":["post-5395","page","type-page","status-publish","hentry"],"acf":{"inhaltselemente":[{"acf_fc_layout":"text_element","text_element_titel":"","text_element_titel_typ":"2","text_element_titel_size":"","text_element_titel_fake":false,"text_element_titel_icon":"","text_element_content":"<p data-start=\"146\" data-end=\"572\">Die Software Typewriter bietet zahlreiche M\u00f6glichkeiten zur individuellen F\u00f6rderung im inklusiven Unterricht. Sch\u00fclerinnen und Sch\u00fcler kann ein Nachteilsausgleich zugewiesen werden und erhalten somit 25\u202f% mehr Zeit. F\u00fcr Kinder mit erh\u00f6htem F\u00f6rderbedarf l\u00e4sst sich die minimale Schreibgeschwindigkeit flexibel anpassen. Auch die Fehlerprozents\u00e4tze sind individuell konfigurierbar, hier wird jedoch eine sorgf\u00e4ltige Abw\u00e4gung empfohlen.<\/p>\r\n<p data-start=\"574\" data-end=\"891\">Besonders hilfreich sind zwei alternative Lernpfade f\u00fcr Kinder mit Lernschwierigkeiten, die entweder als Vorbereitung oder regul\u00e4rer Lernweg genutzt werden k\u00f6nnen. Zus\u00e4tzlich gibt es spezifische Lernpfade f\u00fcr einh\u00e4ndig arbeitende Kinder (rechts oder links) sowie f\u00fcr Kinder mit teilweisen motorischen Einschr\u00e4nkungen.<\/p>\r\n<p data-start=\"893\" data-end=\"1183\">Bei Fragen oder Unterst\u00fctzungsbedarf kann die Schule jederzeit Kontakt aufnehmen. Eine individuelle Beratung per Zoom oder vor Ort ist kostenlos und Teil des Angebots.<\/p>","text_element_bgcolor":false,"text_element_text_size":"default"},{"acf_fc_layout":"shortcode","shortcode_content":"[ninja_form id=13]"},{"acf_fc_layout":"two_cols","two_cols_flex_content_col_one":null,"two_cols_flex_content_col_two":[{"acf_fc_layout":"image_element","image_element_image_element_image":"","image_element_image_element_lightbox":false}],"two_cols_bgcolor":false,"two_cols_spaltenbreite":"default"},{"acf_fc_layout":"produkteslider","produkteslider_titel":"Typewriter Einzellizenz","produkteslider_link":"","produkteslider_product_ids":"1831000","produkteslider_type":"slider"}]},"yoast_head":"<!-- This site is optimized with the Yoast SEO plugin v27.3 - https:\/\/yoast.com\/product\/yoast-seo-wordpress\/ -->\n<title>Typewriter: Inklusiver Unterricht - Lehrmittelverlag St. Gallen<\/title>\n<meta name=\"description\" content=\"Typewriter: Inklusiver Unterricht - Der Lehrmittelverlag St.Gallen mit Sitz in Rorschach ist eine Abteilung des kantonalen Bildungsdepartements im Amt f\u00fcr Volksschule. Der Lehrmittelverlag St.Gallen ist die Verbindungsstelle zwischen Bildungspolitik und Lernmedien f\u00fcr die Volksschule.\" \/>\n<meta name=\"robots\" content=\"index, follow, max-snippet:-1, max-image-preview:large, max-video-preview:-1\" \/>\n<link rel=\"canonical\" href=\"https:\/\/lehrmittelverlag.ch\/cms\/newsletter\/typewriter-inklusiver-unterricht\/\" \/>\n<meta property=\"og:locale\" content=\"de_DE\" \/>\n<meta property=\"og:type\" content=\"article\" \/>\n<meta property=\"og:title\" content=\"Typewriter: Inklusiver Unterricht - Lehrmittelverlag St. Gallen\" \/>\n<meta property=\"og:description\" content=\"Typewriter: Inklusiver Unterricht - Der Lehrmittelverlag St.Gallen mit Sitz in Rorschach ist eine Abteilung des kantonalen Bildungsdepartements im Amt f\u00fcr Volksschule. Der Lehrmittelverlag St.Gallen ist die Verbindungsstelle zwischen Bildungspolitik und Lernmedien f\u00fcr die Volksschule.\" \/>\n<meta property=\"og:url\" content=\"https:\/\/lehrmittelverlag.ch\/cms\/newsletter\/typewriter-inklusiver-unterricht\/\" \/>\n<meta property=\"og:site_name\" content=\"Lehrmittelverlag St. Gallen\" \/>\n<meta property=\"article:publisher\" content=\"https:\/\/www.facebook.com\/LehrmittelverlagSG\/\" \/>\n<meta property=\"article:modified_time\" content=\"2025-08-07T13:04:32+00:00\" \/>\n<meta property=\"og:image\" content=\"https:\/\/www.lehrmittelverlag.ch\/cms\/wp-content\/uploads\/2022\/11\/og-image-lmvsg.png\" \/>\n\t<meta property=\"og:image:width\" content=\"1200\" \/>\n\t<meta property=\"og:image:height\" content=\"630\" \/>\n\t<meta property=\"og:image:type\" content=\"image\/png\" \/>\n<meta name=\"twitter:card\" content=\"summary_large_image\" \/>\n<meta name=\"twitter:site\" content=\"@Lehrmittel_SG\" \/>\n<meta name=\"twitter:label1\" content=\"Gesch\u00e4tzte Lesezeit\" \/>\n\t<meta name=\"twitter:data1\" content=\"1\u00a0Minute\" \/>\n<script type=\"application\/ld+json\" class=\"yoast-schema-graph\">{\"@context\":\"https:\\\/\\\/schema.org\",\"@graph\":[{\"@type\":\"WebPage\",\"@id\":\"https:\\\/\\\/lehrmittelverlag.ch\\\/cms\\\/newsletter\\\/typewriter-inklusiver-unterricht\\\/\",\"url\":\"https:\\\/\\\/lehrmittelverlag.ch\\\/cms\\\/newsletter\\\/typewriter-inklusiver-unterricht\\\/\",\"name\":\"Typewriter: Inklusiver Unterricht - Lehrmittelverlag St. Gallen\",\"isPartOf\":{\"@id\":\"https:\\\/\\\/www.lehrmittelverlag.ch\\\/cms\\\/#website\"},\"datePublished\":\"2025-08-05T06:52:43+00:00\",\"dateModified\":\"2025-08-07T13:04:32+00:00\",\"description\":\"Typewriter: Inklusiver Unterricht - Der Lehrmittelverlag St.Gallen mit Sitz in Rorschach ist eine Abteilung des kantonalen Bildungsdepartements im Amt f\u00fcr Volksschule. Der Lehrmittelverlag St.Gallen ist die Verbindungsstelle zwischen Bildungspolitik und Lernmedien f\u00fcr die Volksschule.\",\"breadcrumb\":{\"@id\":\"https:\\\/\\\/lehrmittelverlag.ch\\\/cms\\\/newsletter\\\/typewriter-inklusiver-unterricht\\\/#breadcrumb\"},\"inLanguage\":\"de-CH\",\"potentialAction\":[{\"@type\":\"ReadAction\",\"target\":[\"https:\\\/\\\/lehrmittelverlag.ch\\\/cms\\\/newsletter\\\/typewriter-inklusiver-unterricht\\\/\"]}]},{\"@type\":\"BreadcrumbList\",\"@id\":\"https:\\\/\\\/lehrmittelverlag.ch\\\/cms\\\/newsletter\\\/typewriter-inklusiver-unterricht\\\/#breadcrumb\",\"itemListElement\":[{\"@type\":\"ListItem\",\"position\":1,\"name\":\"Shop\",\"item\":\"\\\/\"},{\"@type\":\"ListItem\",\"position\":2,\"name\":\"Newsletter\",\"item\":\"https:\\\/\\\/www.lehrmittelverlag.ch\\\/cms\\\/newsletter\\\/\"},{\"@type\":\"ListItem\",\"position\":3,\"name\":\"Typewriter: Inklusiver Unterricht\"}]},{\"@type\":\"WebSite\",\"@id\":\"https:\\\/\\\/www.lehrmittelverlag.ch\\\/cms\\\/#website\",\"url\":\"https:\\\/\\\/www.lehrmittelverlag.ch\\\/cms\\\/\",\"name\":\"Lehrmittelverlag St. Gallen\",\"description\":\"\",\"publisher\":{\"@id\":\"https:\\\/\\\/www.lehrmittelverlag.ch\\\/cms\\\/#organization\"},\"potentialAction\":[{\"@type\":\"SearchAction\",\"target\":{\"@type\":\"EntryPoint\",\"urlTemplate\":\"https:\\\/\\\/www.lehrmittelverlag.ch\\\/cms\\\/?s={search_term_string}\"},\"query-input\":{\"@type\":\"PropertyValueSpecification\",\"valueRequired\":true,\"valueName\":\"search_term_string\"}}],\"inLanguage\":\"de-CH\"},{\"@type\":\"Organization\",\"@id\":\"https:\\\/\\\/www.lehrmittelverlag.ch\\\/cms\\\/#organization\",\"name\":\"Lehrmittelverlag St. Gallen\",\"url\":\"https:\\\/\\\/www.lehrmittelverlag.ch\\\/cms\\\/\",\"logo\":{\"@type\":\"ImageObject\",\"inLanguage\":\"de-CH\",\"@id\":\"https:\\\/\\\/www.lehrmittelverlag.ch\\\/cms\\\/#\\\/schema\\\/logo\\\/image\\\/\",\"url\":\"https:\\\/\\\/www.lehrmittelverlag.ch\\\/cms\\\/wp-content\\\/uploads\\\/2022\\\/11\\\/logo-lmvsg.png\",\"contentUrl\":\"https:\\\/\\\/www.lehrmittelverlag.ch\\\/cms\\\/wp-content\\\/uploads\\\/2022\\\/11\\\/logo-lmvsg.png\",\"width\":899,\"height\":349,\"caption\":\"Lehrmittelverlag St. Gallen\"},\"image\":{\"@id\":\"https:\\\/\\\/www.lehrmittelverlag.ch\\\/cms\\\/#\\\/schema\\\/logo\\\/image\\\/\"},\"sameAs\":[\"https:\\\/\\\/www.facebook.com\\\/LehrmittelverlagSG\\\/\",\"https:\\\/\\\/x.com\\\/Lehrmittel_SG\"]}]}<\/script>\n<!-- \/ Yoast SEO plugin. -->","yoast_head_json":{"title":"Typewriter: Inklusiver Unterricht - Lehrmittelverlag St. Gallen","description":"Typewriter: Inklusiver Unterricht - Der Lehrmittelverlag St.Gallen mit Sitz in Rorschach ist eine Abteilung des kantonalen Bildungsdepartements im Amt f\u00fcr Volksschule. Der Lehrmittelverlag St.Gallen ist die Verbindungsstelle zwischen Bildungspolitik und Lernmedien f\u00fcr die Volksschule.","robots":{"index":"index","follow":"follow","max-snippet":"max-snippet:-1","max-image-preview":"max-image-preview:large","max-video-preview":"max-video-preview:-1"},"canonical":"https:\/\/lehrmittelverlag.ch\/cms\/newsletter\/typewriter-inklusiver-unterricht\/","og_locale":"de_DE","og_type":"article","og_title":"Typewriter: Inklusiver Unterricht - Lehrmittelverlag St. Gallen","og_description":"Typewriter: Inklusiver Unterricht - Der Lehrmittelverlag St.Gallen mit Sitz in Rorschach ist eine Abteilung des kantonalen Bildungsdepartements im Amt f\u00fcr Volksschule. Der Lehrmittelverlag St.Gallen ist die Verbindungsstelle zwischen Bildungspolitik und Lernmedien f\u00fcr die Volksschule.","og_url":"https:\/\/lehrmittelverlag.ch\/cms\/newsletter\/typewriter-inklusiver-unterricht\/","og_site_name":"Lehrmittelverlag St. Gallen","article_publisher":"https:\/\/www.facebook.com\/LehrmittelverlagSG\/","article_modified_time":"2025-08-07T13:04:32+00:00","og_image":[{"width":1200,"height":630,"url":"https:\/\/www.lehrmittelverlag.ch\/cms\/wp-content\/uploads\/2022\/11\/og-image-lmvsg.png","type":"image\/png"}],"twitter_card":"summary_large_image","twitter_site":"@Lehrmittel_SG","twitter_misc":{"Gesch\u00e4tzte Lesezeit":"1\u00a0Minute"},"schema":{"@context":"https:\/\/schema.org","@graph":[{"@type":"WebPage","@id":"https:\/\/lehrmittelverlag.ch\/cms\/newsletter\/typewriter-inklusiver-unterricht\/","url":"https:\/\/lehrmittelverlag.ch\/cms\/newsletter\/typewriter-inklusiver-unterricht\/","name":"Typewriter: Inklusiver Unterricht - Lehrmittelverlag St. Gallen","isPartOf":{"@id":"https:\/\/www.lehrmittelverlag.ch\/cms\/#website"},"datePublished":"2025-08-05T06:52:43+00:00","dateModified":"2025-08-07T13:04:32+00:00","description":"Typewriter: Inklusiver Unterricht - Der Lehrmittelverlag St.Gallen mit Sitz in Rorschach ist eine Abteilung des kantonalen Bildungsdepartements im Amt f\u00fcr Volksschule. Der Lehrmittelverlag St.Gallen ist die Verbindungsstelle zwischen Bildungspolitik und Lernmedien f\u00fcr die Volksschule.","breadcrumb":{"@id":"https:\/\/lehrmittelverlag.ch\/cms\/newsletter\/typewriter-inklusiver-unterricht\/#breadcrumb"},"inLanguage":"de-CH","potentialAction":[{"@type":"ReadAction","target":["https:\/\/lehrmittelverlag.ch\/cms\/newsletter\/typewriter-inklusiver-unterricht\/"]}]},{"@type":"BreadcrumbList","@id":"https:\/\/lehrmittelverlag.ch\/cms\/newsletter\/typewriter-inklusiver-unterricht\/#breadcrumb","itemListElement":[{"@type":"ListItem","position":1,"name":"Shop","item":"\/"},{"@type":"ListItem","position":2,"name":"Newsletter","item":"https:\/\/www.lehrmittelverlag.ch\/cms\/newsletter\/"},{"@type":"ListItem","position":3,"name":"Typewriter: Inklusiver Unterricht"}]},{"@type":"WebSite","@id":"https:\/\/www.lehrmittelverlag.ch\/cms\/#website","url":"https:\/\/www.lehrmittelverlag.ch\/cms\/","name":"Lehrmittelverlag St. Gallen","description":"","publisher":{"@id":"https:\/\/www.lehrmittelverlag.ch\/cms\/#organization"},"potentialAction":[{"@type":"SearchAction","target":{"@type":"EntryPoint","urlTemplate":"https:\/\/www.lehrmittelverlag.ch\/cms\/?s={search_term_string}"},"query-input":{"@type":"PropertyValueSpecification","valueRequired":true,"valueName":"search_term_string"}}],"inLanguage":"de-CH"},{"@type":"Organization","@id":"https:\/\/www.lehrmittelverlag.ch\/cms\/#organization","name":"Lehrmittelverlag St. Gallen","url":"https:\/\/www.lehrmittelverlag.ch\/cms\/","logo":{"@type":"ImageObject","inLanguage":"de-CH","@id":"https:\/\/www.lehrmittelverlag.ch\/cms\/#\/schema\/logo\/image\/","url":"https:\/\/www.lehrmittelverlag.ch\/cms\/wp-content\/uploads\/2022\/11\/logo-lmvsg.png","contentUrl":"https:\/\/www.lehrmittelverlag.ch\/cms\/wp-content\/uploads\/2022\/11\/logo-lmvsg.png","width":899,"height":349,"caption":"Lehrmittelverlag St. Gallen"},"image":{"@id":"https:\/\/www.lehrmittelverlag.ch\/cms\/#\/schema\/logo\/image\/"},"sameAs":["https:\/\/www.facebook.com\/LehrmittelverlagSG\/","https:\/\/x.com\/Lehrmittel_SG"]}]}},"_links":{"self":[{"href":"https:\/\/www.lehrmittelverlag.ch\/cms\/wp-json\/wp\/v2\/pages\/5395","targetHints":{"allow":["GET"]}}],"collection":[{"href":"https:\/\/www.lehrmittelverlag.ch\/cms\/wp-json\/wp\/v2\/pages"}],"about":[{"href":"https:\/\/www.lehrmittelverlag.ch\/cms\/wp-json\/wp\/v2\/types\/page"}],"author":[{"embeddable":true,"href":"https:\/\/www.lehrmittelverlag.ch\/cms\/wp-json\/wp\/v2\/users\/8"}],"replies":[{"embeddable":true,"href":"https:\/\/www.lehrmittelverlag.ch\/cms\/wp-json\/wp\/v2\/comments?post=5395"}],"version-history":[{"count":5,"href":"https:\/\/www.lehrmittelverlag.ch\/cms\/wp-json\/wp\/v2\/pages\/5395\/revisions"}],"predecessor-version":[{"id":5465,"href":"https:\/\/www.lehrmittelverlag.ch\/cms\/wp-json\/wp\/v2\/pages\/5395\/revisions\/5465"}],"up":[{"embeddable":true,"href":"https:\/\/www.lehrmittelverlag.ch\/cms\/wp-json\/wp\/v2\/pages\/243"}],"wp:attachment":[{"href":"https:\/\/www.lehrmittelverlag.ch\/cms\/wp-json\/wp\/v2\/media?parent=5395"}],"curies":[{"name":"wp","href":"https:\/\/api.w.org\/{rel}","templated":true}]}}