{"id":6678,"date":"2025-11-13T20:47:41","date_gmt":"2025-11-13T19:47:41","guid":{"rendered":"https:\/\/www.lehrmittelverlag.ch\/cms\/?page_id=6678"},"modified":"2025-11-19T11:22:53","modified_gmt":"2025-11-19T10:22:53","slug":"der-st-galler-biber","status":"publish","type":"page","link":"https:\/\/www.lehrmittelverlag.ch\/cms\/newsletter\/der-st-galler-biber\/","title":{"rendered":"Der St.Galler Biber"},"content":{"rendered":"","protected":false},"excerpt":{"rendered":"","protected":false},"author":5,"featured_media":0,"parent":243,"menu_order":6,"comment_status":"closed","ping_status":"closed","template":"","meta":{"_acf_changed":false,"inline_featured_image":false,"footnotes":""},"class_list":["post-6678","page","type-page","status-publish","hentry"],"acf":{"inhaltselemente":[{"acf_fc_layout":"two_cols","two_cols_flex_content_col_one":[{"acf_fc_layout":"text_element","text_element_":null,"text_element_text_element_titel":"Die Geschichte des St.Galler Bibers \u2013 ein St\u00fcck lebendige Kultur","text_element_text_element_titel_typ":"2","text_element_text_element_titel_size":"","text_element_text_element_titel_fake":false,"text_element_text_element_content":"Bereits im 15. Jahrhundert tauchten in St.Gallen die ersten schriftlichen Hinweise auf den Biber als besondere Spezialit\u00e4t auf.\r\n\r\nDamals entstanden die sogenannten \u00abBymenzelten\u00bb \u2013 w\u00fcrzige Geb\u00e4cke aus Honigteig, gef\u00fcllt mit einer feinen Mandelf\u00fcllung, veredelt mit wertvollen Gew\u00fcrzen wie Anis, Koriander, Nelken und Zimt. Diese Zutaten erreichten St.Gallen dank des regen Leinwand- und Gew\u00fcrzhandels, der die Stadt schon damals mit exotischen Sch\u00e4tzen verband.\r\n\r\nDer Biber war mehr als nur ein Genuss, er erz\u00e4hlte von der Verbundenheit der Menschen hier mit ihrem Kloster, der Natur und der Geschichte des Kantons. Aus einer M\u00f6nchstradition heraus entstanden, wurde der St.Galler Biber zu einem Symbol f\u00fcr Handwerkskunst, Genuss und Heimatverbundenheit.\r\n\r\nAuch heute noch ist der Biber ein fest verankerter Bestandteil der St.Galler Kultur \u2013 eine s\u00fcsse Br\u00fccke zwischen Vergangenheit und Gegenwart. So findet sich der St.Galler Biber auch im Heft 3<span class=\"text-green\"> <a href=\"https:\/\/www.stgallerland.ch\/\/magazine\/6257d6e1b185260044324832\" target=\"_blank\" rel=\"noopener\"><strong>\u00abSt.Gallerland \u2013 St.Gallen und seine Wirtschaft\u00bb<\/strong><\/a> <\/span>wieder. Dort wird nicht nur die wirtschaftliche Bedeutung von St.Gallen behandelt, sondern auch, wie lange Traditionen und regionale Spezialit\u00e4ten das Leben und Lernen der Region pr\u00e4gen.\r\n\r\nLernen Sie mit Ihren Sch\u00fclerinnen und Sch\u00fclern, wie Handel, Geschichte und lokale Besonderheiten das heutige St.Gallerland formen \u2013 und entdecken Sie dabei das leckere St\u00fcck Heimat, das der Biber repr\u00e4sentiert.\r\n\r\nHier gelangen Sie zur vollst\u00e4ndigen Reihe <span class=\"text-green\"><strong><a href=\"https:\/\/www.lehrmittelverlag.ch\/Sortimentseiten\/Lehrmittelreihen\/st.gallerland\/?filter=reihe,st.gallerland\" target=\"_blank\" rel=\"noopener\">\u00abSt.Gallerland\u00bb.<\/a><\/strong><\/span> Zus\u00e4tzliche Materialien sowie ein ausf\u00fchrlicher und einfach anzuwendender Lehrpersonenkommentar stehen Ihnen kostenlos unter <span class=\"text-green\"><a href=\"https:\/\/www.stgallerland.ch\/\/\" target=\"_blank\" rel=\"noopener\"><strong>stgallerland.ch<\/strong><\/a><\/span> zur Verf\u00fcgung.\r\n\r\nWir w\u00fcnschen Ihnen und Ihrer Familie frohe Festtage, erholsame Momente und einen inspirierenden Start ins neue Jahr.\r\n\r\nIhr Team vom Lehrmittelverlag St.Gallen","text_element_text_element_text_size":"default"},{"acf_fc_layout":"anchor_element","anchor_element_name":"rezept"}],"two_cols_flex_content_col_two":[{"acf_fc_layout":"text_element","text_element_":null,"text_element_text_element_titel":"","text_element_text_element_titel_typ":"2","text_element_text_element_titel_size":"","text_element_text_element_titel_fake":false,"text_element_text_element_content":"<a class=\"btn-arrow--up\" href=\"https:\/\/stgallerland.ch\/tab\/63f9196e22313b4df909f795\/SGL_H3_Seiten-12-13.pdf\" target=\"_blank\" rel=\"noopener\">Einfaches Rezept zum Nachbacken<\/a>","text_element_text_element_text_size":"default"}],"two_cols_bgcolor":false,"two_cols_spaltenbreite":"two-third-one-third"},{"acf_fc_layout":"text_img_element","text_element_titel":"Der St.Galler Biber","text_element_titel_typ":"2","text_element_titel_size":"","text_element_titel_fake":false,"text_element_content":"Seit \u00fcber hundert Jahren entsteht der St.Galler Biber in der<strong> Confiserie Roggwiller<\/strong>\u00a0mit viel Liebe, handwerklichem K\u00f6nnen und einem Hauch Tradition.\r\n\r\nDas Originalrezept des Bibers, den Sie erhalten haben, wird gut geh\u00fctet. Jeder Hersteller hat sein eigenes Rezept, daher schmeckt jeder Biber anders. Selbst der verwendete Honig hat Einfluss auf den Geschmack. Doch wir m\u00f6chten Ihnen ein St\u00fcck dieser Tradition weitergeben \u2013 mit einem einfachen Rezept, das Sie mit Ihrer Klasse nachbacken k\u00f6nnen. Tauchen Sie ein in die Kunst des Backens und geniessen Sie diesen einzigartigen Geschmack von St.Gallen \u2013 ein St\u00fcck Heimat zum Schmecken und Teilen.\r\n\r\nWer den originalen St.Galler Biber geniessen m\u00f6chte, f\u00fcr den ist die <strong><a href=\"https:\/\/www.roggwiller.ch\/\" target=\"_blank\" rel=\"noopener\">Confiserie Roggwiller<\/a><\/strong> ein absoluter Geheimtipp!\r\n\r\n<a href=\"https:\/\/stgallerland.ch\/tab\/63f9196e22313b4df909f795\/SGL_H3_Seiten-12-13.pdf\" target=\"_blank\" rel=\"noopener\">Hier finden Sie ein einfaches Rezept zum Nachbacken.<\/a>","image_element_image_element_image":6700,"image_element_image_element_lightbox":false,"events_element_type_category_events_element_type_category":[],"events_element_topic_category_events_element_topic_category":[],"events_element_amount_events_element_amount":"","text_element_text_size":"default","text_img_element_spaltenbreite":"two-third-one-third","text_img_element_orientation":"default","text_img_element_bgcolor":true},{"acf_fc_layout":"akkordeon_element","akkordeon_element_items":[{"acf_fc_layout":"akkordeon_element_items_item","akkordeon_element_items_item_titel":"Herstellung des St.Galler Bibers","akkordeon_element_items_item_content":[{"acf_fc_layout":"two_cols","two_cols_flex_content_col_one":[{"acf_fc_layout":"text_element","text_element_":null,"text_element_text_element_titel":"","text_element_text_element_titel_typ":"2","text_element_text_element_titel_size":"","text_element_text_element_titel_fake":false,"text_element_text_element_content":"<iframe title=\"YouTube video player\" src=\"https:\/\/www.youtube-nocookie.com\/embed\/hSJbkdKVINQ?si=e3plGoJfTBkS_kco\" width=\"560\" height=\"315\" frameborder=\"0\" allowfullscreen=\"allowfullscreen\"><\/iframe>","text_element_text_element_text_size":"default"}],"two_cols_flex_content_col_two":[{"acf_fc_layout":"text_element","text_element_":null,"text_element_text_element_titel":"","text_element_text_element_titel_typ":"2","text_element_text_element_titel_size":"","text_element_text_element_titel_fake":false,"text_element_text_element_content":"Hergestellt von\r\n\r\n<strong>Confiserie Roggwiller AG<\/strong>\r\nMartin Schnyder\r\nMultergasse 17\r\nCH-9000 St. Gallen\r\n\r\nconfiserie@roggwiller.ch\r\nwww.roggwiller.ch","text_element_text_element_text_size":"default"}]}]},{"acf_fc_layout":"akkordeon_element_items_item","akkordeon_element_items_item_titel":"Fun fact zum Biber","akkordeon_element_items_item_content":[{"acf_fc_layout":"text_img_element","text_element_text_element_titel":"Wussten Sie, dass .  . .","text_element_text_element_titel_typ":"5","text_element_text_element_titel_size":"","text_element_text_element_titel_fake":false,"text_element_text_element_content":"... die jungen Biber anfangs wasserscheu sind, werden aber von der Mutter einfach ins Wasser geworfen und so an das Leben im Wasser gew\u00f6hnt.\r\nSie werden in der Regel zwei Monate lang von der Mutter ges\u00e4ugt und erlangen nach etwa drei Jahren die Geschlechtsreife.\r\n\r\n1962 wurde der Biber (Castor fiber) in der Schweiz als gesch\u00fctzte Art in das eidgen\u00f6ssische Jagdgesetzt aufgenommen.\r\nDie Best\u00e4nde haben sich mittlerweile wieder erholt und so leben im <a href=\"https:\/\/www.sg.ch\/umwelt-natur\/jagd-fischerei\/jagd\/wildtiere\/biber.html\" target=\"_blank\" rel=\"noopener\">Kanton St.Gallen<\/a> rund 425 Biber (Stand 2022).\r\n(Quelle: <a href=\"https:\/\/www.sg.ch\/umwelt-natur\/jagd-fischerei\/jagd\/wildtiere\/biber.html\" target=\"_blank\" rel=\"noopener\">Kanton St.Gallen Umwelt &amp; Natur<\/a>)\r\n\r\n<strong>Welttag des Bibers<\/strong>\r\nDer Welttag des Bibers\u00a0 findet j\u00e4hrlich am 7. April statt. Er wurde 2009 von der Organisation \u00abBeavers: Wetlands &amp; Wildlife\u00bb ins Leben gerufen und ehrt die amerikanische Biberforscherin Dorothy Richards, die an diesem Tag Geburtstag hatte. Der internationale Tag soll auf die wichtige \u00f6kologische Rolle der Biber aufmerksam machen, die als Landschaftsarchitekten Feuchtgebiete schaffen und erhalten. Ein idealer Tag f\u00fcr einen Ausflug und auf Spurensuche des Bibers zu gehen.","image_element_image_element_image":6685,"image_element_image_element_lightbox":false,"text_element_text_size":"default","text_img_element_spaltenbreite":"two-third-one-third","text_img_element_orientation":"default"}]}]}]},"yoast_head":"<!-- This site is optimized with the Yoast SEO plugin v27.3 - https:\/\/yoast.com\/product\/yoast-seo-wordpress\/ -->\n<title>Der St.Galler Biber - Lehrmittelverlag St. Gallen<\/title>\n<meta name=\"description\" content=\"Alles \u00fcber die traditionsreiche St.Galler Spezalit\u00e4t - von der Geschichte bis zu einem Rezept f\u00fcr Ihre Klasse (aus dem dritten St.Gallerland-Heft.)\" \/>\n<meta name=\"robots\" content=\"index, follow, max-snippet:-1, max-image-preview:large, max-video-preview:-1\" \/>\n<link rel=\"canonical\" href=\"https:\/\/www.lehrmittelverlag.ch\/cms\/newsletter\/der-st-galler-biber\/\" \/>\n<meta property=\"og:locale\" content=\"de_DE\" \/>\n<meta property=\"og:type\" content=\"article\" \/>\n<meta property=\"og:title\" content=\"Der St.Galler Biber - Lehrmittelverlag St. Gallen\" \/>\n<meta property=\"og:description\" content=\"Alles \u00fcber die traditionsreiche St.Galler Spezalit\u00e4t - von der Geschichte bis zu einem Rezept f\u00fcr Ihre Klasse (aus dem dritten St.Gallerland-Heft.)\" \/>\n<meta property=\"og:url\" content=\"https:\/\/www.lehrmittelverlag.ch\/cms\/newsletter\/der-st-galler-biber\/\" \/>\n<meta property=\"og:site_name\" content=\"Lehrmittelverlag St. Gallen\" \/>\n<meta property=\"article:publisher\" content=\"https:\/\/www.facebook.com\/LehrmittelverlagSG\/\" \/>\n<meta property=\"article:modified_time\" content=\"2025-11-19T10:22:53+00:00\" \/>\n<meta property=\"og:image\" content=\"https:\/\/www.lehrmittelverlag.ch\/cms\/wp-content\/uploads\/2022\/11\/og-image-lmvsg.png\" \/>\n\t<meta property=\"og:image:width\" content=\"1200\" \/>\n\t<meta property=\"og:image:height\" content=\"630\" \/>\n\t<meta property=\"og:image:type\" content=\"image\/png\" \/>\n<meta name=\"twitter:card\" content=\"summary_large_image\" \/>\n<meta name=\"twitter:site\" content=\"@Lehrmittel_SG\" \/>\n<meta name=\"twitter:label1\" content=\"Gesch\u00e4tzte Lesezeit\" \/>\n\t<meta name=\"twitter:data1\" content=\"4\u00a0Minuten\" \/>\n<script type=\"application\/ld+json\" class=\"yoast-schema-graph\">{\"@context\":\"https:\\\/\\\/schema.org\",\"@graph\":[{\"@type\":\"WebPage\",\"@id\":\"https:\\\/\\\/www.lehrmittelverlag.ch\\\/cms\\\/newsletter\\\/der-st-galler-biber\\\/\",\"url\":\"https:\\\/\\\/www.lehrmittelverlag.ch\\\/cms\\\/newsletter\\\/der-st-galler-biber\\\/\",\"name\":\"Der St.Galler Biber - Lehrmittelverlag St. Gallen\",\"isPartOf\":{\"@id\":\"https:\\\/\\\/www.lehrmittelverlag.ch\\\/cms\\\/#website\"},\"datePublished\":\"2025-11-13T19:47:41+00:00\",\"dateModified\":\"2025-11-19T10:22:53+00:00\",\"description\":\"Alles \u00fcber die traditionsreiche St.Galler Spezalit\u00e4t - von der Geschichte bis zu einem Rezept f\u00fcr Ihre Klasse (aus dem dritten St.Gallerland-Heft.)\",\"breadcrumb\":{\"@id\":\"https:\\\/\\\/www.lehrmittelverlag.ch\\\/cms\\\/newsletter\\\/der-st-galler-biber\\\/#breadcrumb\"},\"inLanguage\":\"de-CH\",\"potentialAction\":[{\"@type\":\"ReadAction\",\"target\":[\"https:\\\/\\\/www.lehrmittelverlag.ch\\\/cms\\\/newsletter\\\/der-st-galler-biber\\\/\"]}]},{\"@type\":\"BreadcrumbList\",\"@id\":\"https:\\\/\\\/www.lehrmittelverlag.ch\\\/cms\\\/newsletter\\\/der-st-galler-biber\\\/#breadcrumb\",\"itemListElement\":[{\"@type\":\"ListItem\",\"position\":1,\"name\":\"Shop\",\"item\":\"\\\/\"},{\"@type\":\"ListItem\",\"position\":2,\"name\":\"Newsletter\",\"item\":\"https:\\\/\\\/www.lehrmittelverlag.ch\\\/cms\\\/newsletter\\\/\"},{\"@type\":\"ListItem\",\"position\":3,\"name\":\"Der St.Galler Biber\"}]},{\"@type\":\"WebSite\",\"@id\":\"https:\\\/\\\/www.lehrmittelverlag.ch\\\/cms\\\/#website\",\"url\":\"https:\\\/\\\/www.lehrmittelverlag.ch\\\/cms\\\/\",\"name\":\"Lehrmittelverlag St. Gallen\",\"description\":\"\",\"publisher\":{\"@id\":\"https:\\\/\\\/www.lehrmittelverlag.ch\\\/cms\\\/#organization\"},\"potentialAction\":[{\"@type\":\"SearchAction\",\"target\":{\"@type\":\"EntryPoint\",\"urlTemplate\":\"https:\\\/\\\/www.lehrmittelverlag.ch\\\/cms\\\/?s={search_term_string}\"},\"query-input\":{\"@type\":\"PropertyValueSpecification\",\"valueRequired\":true,\"valueName\":\"search_term_string\"}}],\"inLanguage\":\"de-CH\"},{\"@type\":\"Organization\",\"@id\":\"https:\\\/\\\/www.lehrmittelverlag.ch\\\/cms\\\/#organization\",\"name\":\"Lehrmittelverlag St. Gallen\",\"url\":\"https:\\\/\\\/www.lehrmittelverlag.ch\\\/cms\\\/\",\"logo\":{\"@type\":\"ImageObject\",\"inLanguage\":\"de-CH\",\"@id\":\"https:\\\/\\\/www.lehrmittelverlag.ch\\\/cms\\\/#\\\/schema\\\/logo\\\/image\\\/\",\"url\":\"https:\\\/\\\/www.lehrmittelverlag.ch\\\/cms\\\/wp-content\\\/uploads\\\/2022\\\/11\\\/logo-lmvsg.png\",\"contentUrl\":\"https:\\\/\\\/www.lehrmittelverlag.ch\\\/cms\\\/wp-content\\\/uploads\\\/2022\\\/11\\\/logo-lmvsg.png\",\"width\":899,\"height\":349,\"caption\":\"Lehrmittelverlag St. Gallen\"},\"image\":{\"@id\":\"https:\\\/\\\/www.lehrmittelverlag.ch\\\/cms\\\/#\\\/schema\\\/logo\\\/image\\\/\"},\"sameAs\":[\"https:\\\/\\\/www.facebook.com\\\/LehrmittelverlagSG\\\/\",\"https:\\\/\\\/x.com\\\/Lehrmittel_SG\"]}]}<\/script>\n<!-- \/ Yoast SEO plugin. -->","yoast_head_json":{"title":"Der St.Galler Biber - Lehrmittelverlag St. Gallen","description":"Alles \u00fcber die traditionsreiche St.Galler Spezalit\u00e4t - von der Geschichte bis zu einem Rezept f\u00fcr Ihre Klasse (aus dem dritten St.Gallerland-Heft.)","robots":{"index":"index","follow":"follow","max-snippet":"max-snippet:-1","max-image-preview":"max-image-preview:large","max-video-preview":"max-video-preview:-1"},"canonical":"https:\/\/www.lehrmittelverlag.ch\/cms\/newsletter\/der-st-galler-biber\/","og_locale":"de_DE","og_type":"article","og_title":"Der St.Galler Biber - Lehrmittelverlag St. Gallen","og_description":"Alles \u00fcber die traditionsreiche St.Galler Spezalit\u00e4t - von der Geschichte bis zu einem Rezept f\u00fcr Ihre Klasse (aus dem dritten St.Gallerland-Heft.)","og_url":"https:\/\/www.lehrmittelverlag.ch\/cms\/newsletter\/der-st-galler-biber\/","og_site_name":"Lehrmittelverlag St. Gallen","article_publisher":"https:\/\/www.facebook.com\/LehrmittelverlagSG\/","article_modified_time":"2025-11-19T10:22:53+00:00","og_image":[{"width":1200,"height":630,"url":"https:\/\/www.lehrmittelverlag.ch\/cms\/wp-content\/uploads\/2022\/11\/og-image-lmvsg.png","type":"image\/png"}],"twitter_card":"summary_large_image","twitter_site":"@Lehrmittel_SG","twitter_misc":{"Gesch\u00e4tzte Lesezeit":"4\u00a0Minuten"},"schema":{"@context":"https:\/\/schema.org","@graph":[{"@type":"WebPage","@id":"https:\/\/www.lehrmittelverlag.ch\/cms\/newsletter\/der-st-galler-biber\/","url":"https:\/\/www.lehrmittelverlag.ch\/cms\/newsletter\/der-st-galler-biber\/","name":"Der St.Galler Biber - Lehrmittelverlag St. Gallen","isPartOf":{"@id":"https:\/\/www.lehrmittelverlag.ch\/cms\/#website"},"datePublished":"2025-11-13T19:47:41+00:00","dateModified":"2025-11-19T10:22:53+00:00","description":"Alles \u00fcber die traditionsreiche St.Galler Spezalit\u00e4t - von der Geschichte bis zu einem Rezept f\u00fcr Ihre Klasse (aus dem dritten St.Gallerland-Heft.)","breadcrumb":{"@id":"https:\/\/www.lehrmittelverlag.ch\/cms\/newsletter\/der-st-galler-biber\/#breadcrumb"},"inLanguage":"de-CH","potentialAction":[{"@type":"ReadAction","target":["https:\/\/www.lehrmittelverlag.ch\/cms\/newsletter\/der-st-galler-biber\/"]}]},{"@type":"BreadcrumbList","@id":"https:\/\/www.lehrmittelverlag.ch\/cms\/newsletter\/der-st-galler-biber\/#breadcrumb","itemListElement":[{"@type":"ListItem","position":1,"name":"Shop","item":"\/"},{"@type":"ListItem","position":2,"name":"Newsletter","item":"https:\/\/www.lehrmittelverlag.ch\/cms\/newsletter\/"},{"@type":"ListItem","position":3,"name":"Der St.Galler Biber"}]},{"@type":"WebSite","@id":"https:\/\/www.lehrmittelverlag.ch\/cms\/#website","url":"https:\/\/www.lehrmittelverlag.ch\/cms\/","name":"Lehrmittelverlag St. Gallen","description":"","publisher":{"@id":"https:\/\/www.lehrmittelverlag.ch\/cms\/#organization"},"potentialAction":[{"@type":"SearchAction","target":{"@type":"EntryPoint","urlTemplate":"https:\/\/www.lehrmittelverlag.ch\/cms\/?s={search_term_string}"},"query-input":{"@type":"PropertyValueSpecification","valueRequired":true,"valueName":"search_term_string"}}],"inLanguage":"de-CH"},{"@type":"Organization","@id":"https:\/\/www.lehrmittelverlag.ch\/cms\/#organization","name":"Lehrmittelverlag St. Gallen","url":"https:\/\/www.lehrmittelverlag.ch\/cms\/","logo":{"@type":"ImageObject","inLanguage":"de-CH","@id":"https:\/\/www.lehrmittelverlag.ch\/cms\/#\/schema\/logo\/image\/","url":"https:\/\/www.lehrmittelverlag.ch\/cms\/wp-content\/uploads\/2022\/11\/logo-lmvsg.png","contentUrl":"https:\/\/www.lehrmittelverlag.ch\/cms\/wp-content\/uploads\/2022\/11\/logo-lmvsg.png","width":899,"height":349,"caption":"Lehrmittelverlag St. Gallen"},"image":{"@id":"https:\/\/www.lehrmittelverlag.ch\/cms\/#\/schema\/logo\/image\/"},"sameAs":["https:\/\/www.facebook.com\/LehrmittelverlagSG\/","https:\/\/x.com\/Lehrmittel_SG"]}]}},"_links":{"self":[{"href":"https:\/\/www.lehrmittelverlag.ch\/cms\/wp-json\/wp\/v2\/pages\/6678","targetHints":{"allow":["GET"]}}],"collection":[{"href":"https:\/\/www.lehrmittelverlag.ch\/cms\/wp-json\/wp\/v2\/pages"}],"about":[{"href":"https:\/\/www.lehrmittelverlag.ch\/cms\/wp-json\/wp\/v2\/types\/page"}],"author":[{"embeddable":true,"href":"https:\/\/www.lehrmittelverlag.ch\/cms\/wp-json\/wp\/v2\/users\/5"}],"replies":[{"embeddable":true,"href":"https:\/\/www.lehrmittelverlag.ch\/cms\/wp-json\/wp\/v2\/comments?post=6678"}],"version-history":[{"count":11,"href":"https:\/\/www.lehrmittelverlag.ch\/cms\/wp-json\/wp\/v2\/pages\/6678\/revisions"}],"predecessor-version":[{"id":6817,"href":"https:\/\/www.lehrmittelverlag.ch\/cms\/wp-json\/wp\/v2\/pages\/6678\/revisions\/6817"}],"up":[{"embeddable":true,"href":"https:\/\/www.lehrmittelverlag.ch\/cms\/wp-json\/wp\/v2\/pages\/243"}],"wp:attachment":[{"href":"https:\/\/www.lehrmittelverlag.ch\/cms\/wp-json\/wp\/v2\/media?parent=6678"}],"curies":[{"name":"wp","href":"https:\/\/api.w.org\/{rel}","templated":true}]}}