{"id":923,"date":"2023-01-25T15:39:36","date_gmt":"2023-01-25T14:39:36","guid":{"rendered":"https:\/\/www.lehrmittelverlag.ch\/cms\/?page_id=923"},"modified":"2026-04-02T10:57:13","modified_gmt":"2026-04-02T08:57:13","slug":"verflixt-und-zugenaeht","status":"publish","type":"page","link":"https:\/\/www.lehrmittelverlag.ch\/cms\/verlag\/verlagsprogramm\/verflixt-und-zugenaeht\/","title":{"rendered":"verflixt und zugen\u00e4ht"},"content":{"rendered":"","protected":false},"excerpt":{"rendered":"","protected":false},"author":3,"featured_media":3692,"parent":67,"menu_order":7,"comment_status":"closed","ping_status":"closed","template":"","meta":{"_acf_changed":false,"inline_featured_image":false,"footnotes":""},"class_list":["post-923","page","type-page","status-publish","has-post-thumbnail","hentry"],"acf":{"inhaltselemente":[{"acf_fc_layout":"two_cols","two_cols_flex_content_col_one":[{"acf_fc_layout":"text_element","text_element_":null,"text_element_text_element_titel":"Begleiten Sie Hexe Flixi und den Raben Toni beim Filzen, H\u00e4keln oder N\u00e4hen. Spielerisch erlernen Sch\u00fcle\u00adrinnen und Sch\u00fcler die grundlegenden Verfahren der Textilarbeit und werden durch fantasievolle Aufgabestellungen zu selbst\u00e4ndigem Tun angeregt.","text_element_text_element_titel_typ":"2","text_element_text_element_titel_size":"5","text_element_text_element_titel_fake":false,"text_element_text_element_content":"Das Lehrmittel \u00abverflixt und zugen\u00e4ht\u00bb f\u00fcr das Textile Gestalten wurde grundlegend \u00fcberarbeitet und an die Vorgaben des Lehrplan 21 angepasst. Auf der Basis pers\u00f6nlicher Zielsetzungen sind die Lernenden mit Herausforderungen und Problemen konfrontiert, entwickeln handlungsorientierte Probleml\u00f6sestrategien und lernen vielschichtig und lebensnah. Das Lehrmittel vermittelt solide Grundlagenkenntnisse und enth\u00e4lt Aufgabenstellungen zur eigenst\u00e4ndigen kreativen L\u00f6sungssuche. Wundersch\u00f6n erstellte Illustrationen veranschaulichen komplizierte Abl\u00e4ufe.\r\n\r\n<img class=\"alignnone size-medium wp-image-932\" src=\"https:\/\/www.lehrmittelverlag.ch\/cms\/wp-content\/uploads\/2023\/01\/lmvsg-verflixt-ordner-1-300x225.jpg\" alt=\"verflixt und zugen\u00e4ht Ordner\" width=\"300\" height=\"225\" \/> <img class=\"alignnone size-medium wp-image-931\" src=\"https:\/\/www.lehrmittelverlag.ch\/cms\/wp-content\/uploads\/2023\/01\/lmvsg-verflixt-innen-300x225.jpg\" alt=\"Innenseiten verflixt und zugen\u00e4ht\" width=\"300\" height=\"225\" \/>","text_element_text_element_text_size":"default"}],"two_cols_flex_content_col_two":[{"acf_fc_layout":"text_element","text_element_":null,"text_element_text_element_titel":"","text_element_text_element_titel_typ":"2","text_element_text_element_titel_size":"","text_element_text_element_titel_fake":false,"text_element_text_element_content":"<strong>Autorinnen<\/strong>\r\nKarin Antilli, Beatrice Streule-Manser","text_element_text_element_text_size":"text-textnoserif"}],"two_cols_bgcolor":false,"two_cols_spaltenbreite":"two-third-one-third"},{"acf_fc_layout":"two_cols","two_cols_flex_content_col_one":[{"acf_fc_layout":"akkordeon_element","akkordeon_element_items":[{"acf_fc_layout":"akkordeon_element_items_item","akkordeon_element_items_item_titel_akkordeon_element_items_item_titel":"Ringbuch \/ Ordner f\u00fcr Sch\u00fclerinnen und Sch\u00fcler","akkordeon_element_items_item_content":[{"acf_fc_layout":"text_element","text_element_":null,"text_element_text_element_titel":"","text_element_text_element_titel_typ":"2","text_element_text_element_titel_size":"","text_element_text_element_titel_fake":false,"text_element_text_element_content":"Das Ringbuch f\u00fcr Sch\u00fclerinnen und Sch\u00fcler besteht aus mehr als 60 Anleitungs-\u00ad, Arbeits-\u00ad und Informationsbl\u00e4ttern, die Grundkenntnisse vermitteln und textile Fertigkeiten vertiefen. Anregungen helfen, fachspezifische Ziele thematisch zu erarbeiten.\u00a0Es handelt sich um Grundlagenbl\u00e4tter, die mit grosser Wahrscheinlichkeit in der Primarschule zum Einsatz kommen. Die L\u00f6sungsvorschl\u00e4ge der Arbeitsbl\u00e4tter sind im Kommentar f\u00fcr Lehrpersonen unter dem jeweiligen Verfahren abgedruckt. Nat\u00fcrlich darf nach Belieben hineingemalt, -geschrieben oder -geklebt werden. Dank der \u00dcberbreite des Ordners und dem extrabreiten Register k\u00f6nnen problemlos auch Zeigetaschen eingelegt werden.\r\n\r\nAcht der zehn Register sind nach Verfahren unterteilt. Diese Einteilung erm\u00f6glicht den Sch\u00fclerinnen und Sch\u00fclern eine leichtere Unterscheidung dieser Verfahren. Sie sind mit einem Signet oben rechts auf dem Arbeitsblatt und dem Text unter der Schnur gekennzeichnet. Dies vereinfacht die Handhabung des Ordners und die Sch\u00fclerinnen und Sch\u00fcler k\u00f6nnen die einzelnen Verfahren dank der lustigen Bilder besser voneinander unterscheiden.\r\n\r\nLinksh\u00e4nderversionen des Sch\u00fclerordners k\u00f6nnen vom Download Basic als PDF-Datei heruntergeladen und mit den Ordnerbl\u00e4ttern ausgetauscht werden. Dies betrifft die Verfahren H\u00e4keln, Stricken und Handn\u00e4hen.","text_element_text_element_text_size":"default"}]},{"acf_fc_layout":"akkordeon_element_items_item","akkordeon_element_items_item_titel_akkordeon_element_items_item_titel":"Lehrpersonenkommentar","akkordeon_element_items_item_content":[{"acf_fc_layout":"text_element","text_element_":null,"text_element_text_element_titel":"","text_element_text_element_titel_typ":"2","text_element_text_element_titel_size":"","text_element_text_element_titel_fake":false,"text_element_text_element_content":"Im Kommentar f\u00fcr Lehrpersonen finden sich methodisch\u00ad-didaktische Anregungen f\u00fcr den Unterricht gem\u00e4ss Lehrplan 21. Erste Schritte zum projektbezogenen Unterricht werden aufgezeigt und zur Arbeit in Themenfeldern angeregt. Vorschl\u00e4ge f\u00fcr thematische Zwischenarbeiten f\u00f6rdern das selbstst\u00e4ndige Arbeiten.","text_element_text_element_text_size":"default"}]},{"acf_fc_layout":"akkordeon_element_items_item","akkordeon_element_items_item_titel_akkordeon_element_items_item_titel":"Download Basic & Download Plus","akkordeon_element_items_item_content":[{"acf_fc_layout":"text_element","text_element_":null,"text_element_text_element_titel":"","text_element_text_element_titel_typ":"2","text_element_text_element_titel_size":"","text_element_text_element_titel_fake":false,"text_element_text_element_content":"Der <a href=\"https:\/\/www.lehrmittelverlag.ch\/verflixt-und-zugenaeht-download-basic\/2401500\" target=\"_blank\" rel=\"noopener\">\u00ab<b>Download Basic<\/b>\u00bb<\/a> von \u00ab<b>verflixt und zugen\u00e4ht<\/b>\u00bb enth\u00e4lt zu jedem Kapitel oder Register eine F\u00fclle von Zusatzmaterial. Er umfasst \u00fcber 270 Dateien, ist einmalig kostenpflichtig und wird bis auf Weiteres inhaltlich nicht ver\u00e4ndert.\r\n\r\nDer <strong><a href=\"https:\/\/www.lehrmittelverlag.ch\/verflixt-und-zugenaeht-download-plus-grundlizenz\/2402000\" target=\"_blank\" rel=\"noopener\">\u00abDownload Plus\u00bb<\/a><\/strong> von \u00ab<strong>verflixt und zugen\u00e4ht\u00bb<\/strong> enth\u00e4lt zus\u00e4tzliche Zwischenarbeiten, Projekte und Themenfelder. Fast alle Dateien sind als PDF-, Word- oder Exceldatei gespeichert. So hat die Lehrperson die M\u00f6glichkeit, den Text oder die Illustration selbst zu ver\u00e4ndern, um z.B. einen L\u00fcckentext zu erstellen.\r\n\r\n<strong>Hinweis zu den Lizenzen<\/strong>\r\nHaben Sie aktuell die \u00abDownload Plus - Grundlizenz\u00bb erworben? Diese ist nicht l\u00e4nger erh\u00e4ltlich. Noch bis Ende 2026 k\u00f6nnen Sie auf die bestehenden Dateien im Downloadbereich zugreifen, ehe die Lizenz ausl\u00e4uft. Alle neuen Inhalte (ab 2025) sind \u00fcber die Jahreslizenz erh\u00e4ltlich.\r\n\r\nM\u00f6chten Sie Ihre Lizenz erneuern? Mit der \u00abDownload Plus - Jahreslizenz\u00bb von \u00abverflixt und zugen\u00e4ht\u00bb erhalten Sie Zugriff auf alle bisherigen sowie alle neuen Projekte, Themenfelder und Zwischenarbeiten.","text_element_text_element_text_size":"default"}]}]}],"two_cols_flex_content_col_two":null,"two_cols_bgcolor":false,"two_cols_spaltenbreite":"two-third-one-third"},{"acf_fc_layout":"one_col","one_col_flex_content_col_one":[{"acf_fc_layout":"text_img_element","text_img_element_text":null,"text_img_element_text_element_titel":"verflixt & zugen\u00e4ht","text_img_element_text_element_titel_typ":"3","text_img_element_text_element_titel_size":"","text_img_element_text_element_titel_fake":false,"text_img_element_text_element_content":"<p class=\"paragraph-noserif\"><strong>Textiles Gestalten<\/strong>\r\n<strong>Primarstufe 1. \u2013 6. Klasse<\/strong><\/p>\r\nSpielerisch erlernen die Sch\u00fclerinnen und Sch\u00fcler begleitet durch Hexe Flixi und Rabe Toni die grundlegenden Verfahren der Textilarbeit und werden durch fantasievolle Aufgabestellungen zu selbst\u00e4ndigem Tun angeregt.\r\n\r\n<a class=\"btn-arrow\" href=\"https:\/\/www.lehrmittelverlag.ch\/suche?search=verflixt%20und%20zugen%C3%A4ht\" target=\"_blank\" rel=\"noopener\">Zum Shop<\/a>","text_img_element_bild":null,"text_img_element_image_element_image_element_image_element_image":930,"text_img_element_image_element_image_element_image_element_lightbox":false,"text_img_element_events":null,"text_img_element_events_element_type_category_events_element_type_category_events_element_type_category":[],"text_img_element_events_element_topic_category_events_element_topic_category_events_element_topic_category":[],"text_img_element_events_element_amount_events_element_amount_events_element_amount":"","text_img_element_":null,"text_img_element_text_element_text_size":"default","text_img_element_text_img_element_spaltenbreite":"default","text_img_element_text_img_element_orientation":"default"}],"one_col_bgcolor":true},{"acf_fc_layout":"two_cols","two_cols_flex_content_col_one":[{"acf_fc_layout":"akkordeon_element","akkordeon_element_items":[{"acf_fc_layout":"akkordeon_element_items_item","akkordeon_element_items_item_titel_akkordeon_element_items_item_titel":"Weiterf\u00fchrende Links","akkordeon_element_items_item_content":[{"acf_fc_layout":"text_element","text_element_":null,"text_element_text_element_titel":"","text_element_text_element_titel_typ":"2","text_element_text_element_titel_size":"","text_element_text_element_titel_fake":false,"text_element_text_element_content":"Autorin Karin Antilli teilt ihre Gestaltungsideen und Projekte auf ihrer Webseite:\r\n\r\n<a class=\"btn-arrow--up\" href=\"https:\/\/www.sachen-machen.ch\/\" target=\"_blank\" rel=\"noopener\">sachen-machen.ch<\/a>\r\n\r\n&nbsp;","text_element_text_element_text_size":"default"}]},{"acf_fc_layout":"akkordeon_element_items_item","akkordeon_element_items_item_titel_akkordeon_element_items_item_titel":"Downloads","akkordeon_element_items_item_content":[{"acf_fc_layout":"text_element","text_element_":null,"text_element_text_element_titel":"","text_element_text_element_titel_typ":"2","text_element_text_element_titel_size":"","text_element_text_element_titel_fake":false,"text_element_text_element_content":"Im Download Basic finden sich fast 400 weitere Vorlagen zu den Bereichen \u00aberweiterte Grundlagen, Reflexion und Beurteilung\u00bb sowie Fotos, Vignetten, Spiele, Arbeitspl\u00e4ne, Arbeitsbl\u00e4tter und Repetitions\u00fcbungen.\r\n\r\nKennen Sie den Rabenrap oder wissen Sie, was ein Bufo ist? Im Download Plus Bereich finden Sie viele innovative Projekte f\u00fcr die 1. bis 6. Klasse, inklusive Aufz\u00e4hlung der Kompetenzen, Beurteilungsraster, Lektions-\u00ad und Arbeitspl\u00e4ne und vieles mehr.\r\n\r\nInformationen zu den Downloads Basic und Plus finden Sie in unserem Webshop.\r\n\r\n<a class=\"btn-arrow\" href=\"https:\/\/www.lehrmittelverlag.ch\/Sortimentseiten\/Lehrmittelreihen\/verflixt-und-zugenaeht\/?filter=reihe,verflixt-und-zugenaeht\" target=\"_blank\" rel=\"noopener\">Zum Shop<\/a>\r\n\r\n&nbsp;","text_element_text_element_text_size":"default"}]}]}],"two_cols_flex_content_col_two":null,"two_cols_bgcolor":false,"two_cols_spaltenbreite":"two-third-one-third"}]},"yoast_head":"<!-- This site is optimized with the Yoast SEO plugin v27.3 - https:\/\/yoast.com\/product\/yoast-seo-wordpress\/ -->\n<title>verflixt und zugen\u00e4ht - Lehrmittelverlag St. Gallen<\/title>\n<meta name=\"description\" content=\"verflixt und zugen\u00e4ht ist ein Lehrmittel f\u00fcr Textiles Gestalten in der Primarschule mit erprobtem und einsatzfertigem Material f\u00fcr den Untericht.\" \/>\n<meta name=\"robots\" content=\"index, follow, max-snippet:-1, max-image-preview:large, max-video-preview:-1\" \/>\n<link rel=\"canonical\" href=\"https:\/\/lehrmittelverlag.ch\/cms\/verlag\/verlagsprogramm\/verflixt-und-zugenaeht\/\" \/>\n<meta property=\"og:locale\" content=\"de_DE\" \/>\n<meta property=\"og:type\" content=\"article\" \/>\n<meta property=\"og:title\" content=\"verflixt und zugen\u00e4ht - Lehrmittelverlag St. Gallen\" \/>\n<meta property=\"og:description\" content=\"verflixt und zugen\u00e4ht ist ein Lehrmittel f\u00fcr Textiles Gestalten in der Primarschule mit erprobtem und einsatzfertigem Material f\u00fcr den Untericht.\" \/>\n<meta property=\"og:url\" content=\"https:\/\/lehrmittelverlag.ch\/cms\/verlag\/verlagsprogramm\/verflixt-und-zugenaeht\/\" \/>\n<meta property=\"og:site_name\" content=\"Lehrmittelverlag St. Gallen\" \/>\n<meta property=\"article:publisher\" content=\"https:\/\/www.facebook.com\/LehrmittelverlagSG\/\" \/>\n<meta property=\"article:modified_time\" content=\"2026-04-02T08:57:13+00:00\" \/>\n<meta property=\"og:image\" content=\"https:\/\/lehrmittelverlag.ch\/cms\/wp-content\/uploads\/2024\/10\/verflixt-und-zugenaeht.jpg\" \/>\n\t<meta property=\"og:image:width\" content=\"500\" \/>\n\t<meta property=\"og:image:height\" content=\"500\" \/>\n\t<meta property=\"og:image:type\" content=\"image\/jpeg\" \/>\n<meta name=\"twitter:card\" content=\"summary_large_image\" \/>\n<meta name=\"twitter:site\" content=\"@Lehrmittel_SG\" \/>\n<meta name=\"twitter:label1\" content=\"Gesch\u00e4tzte Lesezeit\" \/>\n\t<meta name=\"twitter:data1\" content=\"5\u00a0Minuten\" \/>\n<script type=\"application\/ld+json\" class=\"yoast-schema-graph\">{\"@context\":\"https:\\\/\\\/schema.org\",\"@graph\":[{\"@type\":\"WebPage\",\"@id\":\"https:\\\/\\\/lehrmittelverlag.ch\\\/cms\\\/verlag\\\/verlagsprogramm\\\/verflixt-und-zugenaeht\\\/\",\"url\":\"https:\\\/\\\/lehrmittelverlag.ch\\\/cms\\\/verlag\\\/verlagsprogramm\\\/verflixt-und-zugenaeht\\\/\",\"name\":\"verflixt und zugen\u00e4ht - Lehrmittelverlag St. Gallen\",\"isPartOf\":{\"@id\":\"https:\\\/\\\/www.lehrmittelverlag.ch\\\/cms\\\/#website\"},\"primaryImageOfPage\":{\"@id\":\"https:\\\/\\\/lehrmittelverlag.ch\\\/cms\\\/verlag\\\/verlagsprogramm\\\/verflixt-und-zugenaeht\\\/#primaryimage\"},\"image\":{\"@id\":\"https:\\\/\\\/lehrmittelverlag.ch\\\/cms\\\/verlag\\\/verlagsprogramm\\\/verflixt-und-zugenaeht\\\/#primaryimage\"},\"thumbnailUrl\":\"https:\\\/\\\/www.lehrmittelverlag.ch\\\/cms\\\/wp-content\\\/uploads\\\/2024\\\/10\\\/verflixt-und-zugenaeht.jpg\",\"datePublished\":\"2023-01-25T14:39:36+00:00\",\"dateModified\":\"2026-04-02T08:57:13+00:00\",\"description\":\"verflixt und zugen\u00e4ht ist ein Lehrmittel f\u00fcr Textiles Gestalten in der Primarschule mit erprobtem und einsatzfertigem Material f\u00fcr den Untericht.\",\"breadcrumb\":{\"@id\":\"https:\\\/\\\/lehrmittelverlag.ch\\\/cms\\\/verlag\\\/verlagsprogramm\\\/verflixt-und-zugenaeht\\\/#breadcrumb\"},\"inLanguage\":\"de-CH\",\"potentialAction\":[{\"@type\":\"ReadAction\",\"target\":[\"https:\\\/\\\/lehrmittelverlag.ch\\\/cms\\\/verlag\\\/verlagsprogramm\\\/verflixt-und-zugenaeht\\\/\"]}]},{\"@type\":\"ImageObject\",\"inLanguage\":\"de-CH\",\"@id\":\"https:\\\/\\\/lehrmittelverlag.ch\\\/cms\\\/verlag\\\/verlagsprogramm\\\/verflixt-und-zugenaeht\\\/#primaryimage\",\"url\":\"https:\\\/\\\/www.lehrmittelverlag.ch\\\/cms\\\/wp-content\\\/uploads\\\/2024\\\/10\\\/verflixt-und-zugenaeht.jpg\",\"contentUrl\":\"https:\\\/\\\/www.lehrmittelverlag.ch\\\/cms\\\/wp-content\\\/uploads\\\/2024\\\/10\\\/verflixt-und-zugenaeht.jpg\",\"width\":500,\"height\":500,\"caption\":\"verflixt und zugen\u00e4ht\"},{\"@type\":\"BreadcrumbList\",\"@id\":\"https:\\\/\\\/lehrmittelverlag.ch\\\/cms\\\/verlag\\\/verlagsprogramm\\\/verflixt-und-zugenaeht\\\/#breadcrumb\",\"itemListElement\":[{\"@type\":\"ListItem\",\"position\":1,\"name\":\"Shop\",\"item\":\"\\\/\"},{\"@type\":\"ListItem\",\"position\":2,\"name\":\"Verlag\",\"item\":\"https:\\\/\\\/www.lehrmittelverlag.ch\\\/cms\\\/verlag\\\/\"},{\"@type\":\"ListItem\",\"position\":3,\"name\":\"Verlagsprogramm\",\"item\":\"https:\\\/\\\/www.lehrmittelverlag.ch\\\/cms\\\/verlag\\\/verlagsprogramm\\\/\"},{\"@type\":\"ListItem\",\"position\":4,\"name\":\"verflixt und zugen\u00e4ht\"}]},{\"@type\":\"WebSite\",\"@id\":\"https:\\\/\\\/www.lehrmittelverlag.ch\\\/cms\\\/#website\",\"url\":\"https:\\\/\\\/www.lehrmittelverlag.ch\\\/cms\\\/\",\"name\":\"Lehrmittelverlag St. Gallen\",\"description\":\"\",\"publisher\":{\"@id\":\"https:\\\/\\\/www.lehrmittelverlag.ch\\\/cms\\\/#organization\"},\"potentialAction\":[{\"@type\":\"SearchAction\",\"target\":{\"@type\":\"EntryPoint\",\"urlTemplate\":\"https:\\\/\\\/www.lehrmittelverlag.ch\\\/cms\\\/?s={search_term_string}\"},\"query-input\":{\"@type\":\"PropertyValueSpecification\",\"valueRequired\":true,\"valueName\":\"search_term_string\"}}],\"inLanguage\":\"de-CH\"},{\"@type\":\"Organization\",\"@id\":\"https:\\\/\\\/www.lehrmittelverlag.ch\\\/cms\\\/#organization\",\"name\":\"Lehrmittelverlag St. Gallen\",\"url\":\"https:\\\/\\\/www.lehrmittelverlag.ch\\\/cms\\\/\",\"logo\":{\"@type\":\"ImageObject\",\"inLanguage\":\"de-CH\",\"@id\":\"https:\\\/\\\/www.lehrmittelverlag.ch\\\/cms\\\/#\\\/schema\\\/logo\\\/image\\\/\",\"url\":\"https:\\\/\\\/www.lehrmittelverlag.ch\\\/cms\\\/wp-content\\\/uploads\\\/2022\\\/11\\\/logo-lmvsg.png\",\"contentUrl\":\"https:\\\/\\\/www.lehrmittelverlag.ch\\\/cms\\\/wp-content\\\/uploads\\\/2022\\\/11\\\/logo-lmvsg.png\",\"width\":899,\"height\":349,\"caption\":\"Lehrmittelverlag St. Gallen\"},\"image\":{\"@id\":\"https:\\\/\\\/www.lehrmittelverlag.ch\\\/cms\\\/#\\\/schema\\\/logo\\\/image\\\/\"},\"sameAs\":[\"https:\\\/\\\/www.facebook.com\\\/LehrmittelverlagSG\\\/\",\"https:\\\/\\\/x.com\\\/Lehrmittel_SG\"]}]}<\/script>\n<!-- \/ Yoast SEO plugin. -->","yoast_head_json":{"title":"verflixt und zugen\u00e4ht - Lehrmittelverlag St. Gallen","description":"verflixt und zugen\u00e4ht ist ein Lehrmittel f\u00fcr Textiles Gestalten in der Primarschule mit erprobtem und einsatzfertigem Material f\u00fcr den Untericht.","robots":{"index":"index","follow":"follow","max-snippet":"max-snippet:-1","max-image-preview":"max-image-preview:large","max-video-preview":"max-video-preview:-1"},"canonical":"https:\/\/lehrmittelverlag.ch\/cms\/verlag\/verlagsprogramm\/verflixt-und-zugenaeht\/","og_locale":"de_DE","og_type":"article","og_title":"verflixt und zugen\u00e4ht - Lehrmittelverlag St. Gallen","og_description":"verflixt und zugen\u00e4ht ist ein Lehrmittel f\u00fcr Textiles Gestalten in der Primarschule mit erprobtem und einsatzfertigem Material f\u00fcr den Untericht.","og_url":"https:\/\/lehrmittelverlag.ch\/cms\/verlag\/verlagsprogramm\/verflixt-und-zugenaeht\/","og_site_name":"Lehrmittelverlag St. Gallen","article_publisher":"https:\/\/www.facebook.com\/LehrmittelverlagSG\/","article_modified_time":"2026-04-02T08:57:13+00:00","og_image":[{"width":500,"height":500,"url":"https:\/\/lehrmittelverlag.ch\/cms\/wp-content\/uploads\/2024\/10\/verflixt-und-zugenaeht.jpg","type":"image\/jpeg"}],"twitter_card":"summary_large_image","twitter_site":"@Lehrmittel_SG","twitter_misc":{"Gesch\u00e4tzte Lesezeit":"5\u00a0Minuten"},"schema":{"@context":"https:\/\/schema.org","@graph":[{"@type":"WebPage","@id":"https:\/\/lehrmittelverlag.ch\/cms\/verlag\/verlagsprogramm\/verflixt-und-zugenaeht\/","url":"https:\/\/lehrmittelverlag.ch\/cms\/verlag\/verlagsprogramm\/verflixt-und-zugenaeht\/","name":"verflixt und zugen\u00e4ht - Lehrmittelverlag St. Gallen","isPartOf":{"@id":"https:\/\/www.lehrmittelverlag.ch\/cms\/#website"},"primaryImageOfPage":{"@id":"https:\/\/lehrmittelverlag.ch\/cms\/verlag\/verlagsprogramm\/verflixt-und-zugenaeht\/#primaryimage"},"image":{"@id":"https:\/\/lehrmittelverlag.ch\/cms\/verlag\/verlagsprogramm\/verflixt-und-zugenaeht\/#primaryimage"},"thumbnailUrl":"https:\/\/www.lehrmittelverlag.ch\/cms\/wp-content\/uploads\/2024\/10\/verflixt-und-zugenaeht.jpg","datePublished":"2023-01-25T14:39:36+00:00","dateModified":"2026-04-02T08:57:13+00:00","description":"verflixt und zugen\u00e4ht ist ein Lehrmittel f\u00fcr Textiles Gestalten in der Primarschule mit erprobtem und einsatzfertigem Material f\u00fcr den Untericht.","breadcrumb":{"@id":"https:\/\/lehrmittelverlag.ch\/cms\/verlag\/verlagsprogramm\/verflixt-und-zugenaeht\/#breadcrumb"},"inLanguage":"de-CH","potentialAction":[{"@type":"ReadAction","target":["https:\/\/lehrmittelverlag.ch\/cms\/verlag\/verlagsprogramm\/verflixt-und-zugenaeht\/"]}]},{"@type":"ImageObject","inLanguage":"de-CH","@id":"https:\/\/lehrmittelverlag.ch\/cms\/verlag\/verlagsprogramm\/verflixt-und-zugenaeht\/#primaryimage","url":"https:\/\/www.lehrmittelverlag.ch\/cms\/wp-content\/uploads\/2024\/10\/verflixt-und-zugenaeht.jpg","contentUrl":"https:\/\/www.lehrmittelverlag.ch\/cms\/wp-content\/uploads\/2024\/10\/verflixt-und-zugenaeht.jpg","width":500,"height":500,"caption":"verflixt und zugen\u00e4ht"},{"@type":"BreadcrumbList","@id":"https:\/\/lehrmittelverlag.ch\/cms\/verlag\/verlagsprogramm\/verflixt-und-zugenaeht\/#breadcrumb","itemListElement":[{"@type":"ListItem","position":1,"name":"Shop","item":"\/"},{"@type":"ListItem","position":2,"name":"Verlag","item":"https:\/\/www.lehrmittelverlag.ch\/cms\/verlag\/"},{"@type":"ListItem","position":3,"name":"Verlagsprogramm","item":"https:\/\/www.lehrmittelverlag.ch\/cms\/verlag\/verlagsprogramm\/"},{"@type":"ListItem","position":4,"name":"verflixt und zugen\u00e4ht"}]},{"@type":"WebSite","@id":"https:\/\/www.lehrmittelverlag.ch\/cms\/#website","url":"https:\/\/www.lehrmittelverlag.ch\/cms\/","name":"Lehrmittelverlag St. Gallen","description":"","publisher":{"@id":"https:\/\/www.lehrmittelverlag.ch\/cms\/#organization"},"potentialAction":[{"@type":"SearchAction","target":{"@type":"EntryPoint","urlTemplate":"https:\/\/www.lehrmittelverlag.ch\/cms\/?s={search_term_string}"},"query-input":{"@type":"PropertyValueSpecification","valueRequired":true,"valueName":"search_term_string"}}],"inLanguage":"de-CH"},{"@type":"Organization","@id":"https:\/\/www.lehrmittelverlag.ch\/cms\/#organization","name":"Lehrmittelverlag St. Gallen","url":"https:\/\/www.lehrmittelverlag.ch\/cms\/","logo":{"@type":"ImageObject","inLanguage":"de-CH","@id":"https:\/\/www.lehrmittelverlag.ch\/cms\/#\/schema\/logo\/image\/","url":"https:\/\/www.lehrmittelverlag.ch\/cms\/wp-content\/uploads\/2022\/11\/logo-lmvsg.png","contentUrl":"https:\/\/www.lehrmittelverlag.ch\/cms\/wp-content\/uploads\/2022\/11\/logo-lmvsg.png","width":899,"height":349,"caption":"Lehrmittelverlag St. Gallen"},"image":{"@id":"https:\/\/www.lehrmittelverlag.ch\/cms\/#\/schema\/logo\/image\/"},"sameAs":["https:\/\/www.facebook.com\/LehrmittelverlagSG\/","https:\/\/x.com\/Lehrmittel_SG"]}]}},"_links":{"self":[{"href":"https:\/\/www.lehrmittelverlag.ch\/cms\/wp-json\/wp\/v2\/pages\/923","targetHints":{"allow":["GET"]}}],"collection":[{"href":"https:\/\/www.lehrmittelverlag.ch\/cms\/wp-json\/wp\/v2\/pages"}],"about":[{"href":"https:\/\/www.lehrmittelverlag.ch\/cms\/wp-json\/wp\/v2\/types\/page"}],"author":[{"embeddable":true,"href":"https:\/\/www.lehrmittelverlag.ch\/cms\/wp-json\/wp\/v2\/users\/3"}],"replies":[{"embeddable":true,"href":"https:\/\/www.lehrmittelverlag.ch\/cms\/wp-json\/wp\/v2\/comments?post=923"}],"version-history":[{"count":9,"href":"https:\/\/www.lehrmittelverlag.ch\/cms\/wp-json\/wp\/v2\/pages\/923\/revisions"}],"predecessor-version":[{"id":7315,"href":"https:\/\/www.lehrmittelverlag.ch\/cms\/wp-json\/wp\/v2\/pages\/923\/revisions\/7315"}],"up":[{"embeddable":true,"href":"https:\/\/www.lehrmittelverlag.ch\/cms\/wp-json\/wp\/v2\/pages\/67"}],"wp:featuredmedia":[{"embeddable":true,"href":"https:\/\/www.lehrmittelverlag.ch\/cms\/wp-json\/wp\/v2\/media\/3692"}],"wp:attachment":[{"href":"https:\/\/www.lehrmittelverlag.ch\/cms\/wp-json\/wp\/v2\/media?parent=923"}],"curies":[{"name":"wp","href":"https:\/\/api.w.org\/{rel}","templated":true}]}}